{"id":3243,"date":"2022-02-07T20:19:39","date_gmt":"2022-02-07T20:19:39","guid":{"rendered":"https:\/\/bonthedeleone.com\/accueil\/"},"modified":"2023-12-17T17:47:37","modified_gmt":"2023-12-17T17:47:37","slug":"accueil","status":"publish","type":"page","link":"https:\/\/bonthedeleone.com\/fr\/","title":{"rendered":"Accueil"},"content":{"rendered":"\n<h2 class=\"wp-block-heading\">A propos de nous<\/h2>\n\n\n\n<p>Bonthe de Leone est un holding d&rsquo;investissement. Les principales activit\u00e9s de la soci\u00e9t\u00e9 sont les investissements et les acquisitions d&rsquo;actions de soci\u00e9t\u00e9s d&rsquo;exploitation. Une soci\u00e9t\u00e9 d&rsquo;exploitation est une soci\u00e9t\u00e9 qui produit des biens ou fournit des services. Chez Bonthe de Leone, nous investissons dans des entreprises op\u00e9rant sur diff\u00e9rents march\u00e9s et dans diff\u00e9rents secteurs. Nous investissons g\u00e9n\u00e9ralement dans des soci\u00e9t\u00e9s dont le b\u00e9n\u00e9fice par action (BPA) est \u00e9lev\u00e9, dont le taux de croissance pr\u00e9vu du BPA est fort, dont le rendement du dividende est \u00e9lev\u00e9, dont les produits ou les services sont tr\u00e8s demand\u00e9s et dont la demande devrait cro\u00eetre.  <\/p>\n\n\n\n<p>Nous n&rsquo;investissons que dans des actions n\u00e9goci\u00e9es sur des march\u00e9s qui affichent des tendances fortes. En analysant les tendances du march\u00e9 \u00e0 l&rsquo;aide de l&rsquo;analyse fondamentale et technique, nous pouvons pr\u00e9dire avec une grande certitude la direction dans laquelle un march\u00e9 est susceptible d&rsquo;\u00e9voluer, ce qui nous permet d&rsquo;ajuster nos transactions avec des positions longues et courtes et de r\u00e9aliser des b\u00e9n\u00e9fices dans les march\u00e9s \u00e0 la hausse comme \u00e0 la baisse.<\/p>\n\n\n\n<p>En tant que holding d&rsquo;investissement, nous recherchons des entreprises susceptibles d&rsquo;\u00eatre acquises, telles que des entreprises familiales ou des divisions de grandes entreprises, et nous les acqu\u00e9rons pour les ajouter \u00e0 notre portefeuille. Nous recherchons g\u00e9n\u00e9ralement des soci\u00e9t\u00e9s op\u00e9rationnelles qui ont de bonnes pr\u00e9visions de croissance, des produits ou des services en demande croissante, des valeurs non r\u00e9alis\u00e9es, et dont les actions sont sous-\u00e9valu\u00e9es et se n\u00e9gocient en dessous de leur valeur comptable.<\/p>\n\n\n\n<p>  Nous investissons principalement, mais pas exclusivement, dans le but d&rsquo;acqu\u00e9rir une participation de contr\u00f4le de 50 % ou plus des actions de ces soci\u00e9t\u00e9s. Nous restructurons les entreprises acquises afin d&rsquo;accro\u00eetre leur rentabilit\u00e9 et d&rsquo;ajouter ainsi de la valeur \u00e0 l&rsquo;ensemble du portefeuille d&rsquo;investissement.<\/p>\n\n\n\n<p>Le retour sur investissement (ROI) de l&rsquo;un des portefeuilles de Bonthe de Leone d\u00e9pend directement de la valeur et des performances des actifs d\u00e9tenus dans le portefeuille. Les revenus d&rsquo;investissement g\u00e9n\u00e9r\u00e9s par nos investissements de portefeuille sont vers\u00e9s sous forme de paiements d&rsquo;int\u00e9r\u00eats, de dividendes en esp\u00e8ces et de plus-values lorsque nous c\u00e9dons et vendons l&rsquo;une ou l&rsquo;autre de nos participations.<\/p>\n\n\n<div class=\"custom-centered-logo wp-block-site-logo\"><a href=\"https:\/\/bonthedeleone.com\/fr\/\" class=\"custom-logo-link\" rel=\"home\"><img loading=\"lazy\" decoding=\"async\" width=\"600\" height=\"596\" src=\"https:\/\/bonthedeleone.com\/wp-content\/uploads\/2025\/01\/logo2.png\" class=\"custom-logo\" alt=\"Bonthe de Leone\" srcset=\"https:\/\/bonthedeleone.com\/wp-content\/uploads\/2025\/01\/logo2.png 311w, https:\/\/bonthedeleone.com\/wp-content\/uploads\/2025\/01\/logo2-300x298.png 300w, https:\/\/bonthedeleone.com\/wp-content\/uploads\/2025\/01\/logo2-150x150.png 150w\" sizes=\"auto, (max-width: 600px) 100vw, 600px\" \/><\/a><\/div>","protected":false},"excerpt":{"rendered":"<p>A propos de nous Bonthe de Leone est un holding d&rsquo;investissement. Les principales activit\u00e9s de la soci\u00e9t\u00e9 sont les investissements et les acquisitions d&rsquo;actions de soci\u00e9t\u00e9s d&rsquo;exploitation. Une soci\u00e9t\u00e9 d&rsquo;exploitation est une soci\u00e9t\u00e9 qui produit des biens ou fournit des services. Chez Bonthe de Leone, nous investissons dans des entreprises [&hellip;]<\/p>\n","protected":false},"author":1,"featured_media":3244,"parent":0,"menu_order":0,"comment_status":"closed","ping_status":"closed","template":"","meta":{"footnotes":""},"class_list":["post-3243","page","type-page","status-publish","has-post-thumbnail","hentry"],"yoast_head":"<!-- This site is optimized with the Yoast SEO plugin v27.4 - https:\/\/yoast.com\/product\/yoast-seo-wordpress\/ -->\n<title>Accueil - Bonthe de Leone<\/title>\n<meta name=\"description\" content=\"Bonthe de Leone est une soci\u00e9t\u00e9 holding d&#039;investissement.\" \/>\n<meta name=\"robots\" content=\"index, follow, max-snippet:-1, max-image-preview:large, max-video-preview:-1\" \/>\n<link rel=\"canonical\" href=\"https:\/\/bonthedeleone.com\/fr\/\" \/>\n<meta property=\"og:locale\" content=\"fr_FR\" \/>\n<meta property=\"og:type\" content=\"article\" \/>\n<meta property=\"og:title\" content=\"Accueil - Bonthe de Leone\" \/>\n<meta property=\"og:description\" content=\"Bonthe de Leone est une soci\u00e9t\u00e9 holding d&#039;investissement.\" \/>\n<meta property=\"og:url\" content=\"https:\/\/bonthedeleone.com\/fr\/\" \/>\n<meta property=\"og:site_name\" content=\"Bonthe de Leone\" \/>\n<meta property=\"article:modified_time\" content=\"2023-12-17T17:47:37+00:00\" \/>\n<meta property=\"og:image\" content=\"https:\/\/bonthedeleone.com\/wp-content\/uploads\/2022\/02\/cropped-lions_in_blue-3.png\" \/>\n\t<meta property=\"og:image:width\" content=\"1434\" \/>\n\t<meta property=\"og:image:height\" content=\"1130\" \/>\n\t<meta property=\"og:image:type\" content=\"image\/png\" \/>\n<meta name=\"twitter:card\" content=\"summary_large_image\" \/>\n<meta name=\"twitter:label1\" content=\"Dur\u00e9e de lecture estim\u00e9e\" \/>\n\t<meta name=\"twitter:data1\" content=\"2 minutes\" \/>\n<script type=\"application\/ld+json\" class=\"yoast-schema-graph\">{\"@context\":\"https:\\\/\\\/schema.org\",\"@graph\":[{\"@type\":\"WebPage\",\"@id\":\"https:\\\/\\\/bonthedeleone.com\\\/fr\\\/\",\"url\":\"https:\\\/\\\/bonthedeleone.com\\\/fr\\\/\",\"name\":\"Accueil - Bonthe de Leone\",\"isPartOf\":{\"@id\":\"https:\\\/\\\/bonthedeleone.com\\\/fr\\\/#website\"},\"primaryImageOfPage\":{\"@id\":\"https:\\\/\\\/bonthedeleone.com\\\/fr\\\/#primaryimage\"},\"image\":{\"@id\":\"https:\\\/\\\/bonthedeleone.com\\\/fr\\\/#primaryimage\"},\"thumbnailUrl\":\"https:\\\/\\\/bonthedeleone.com\\\/wp-content\\\/uploads\\\/2022\\\/02\\\/cropped-lions_in_blue-3.png\",\"datePublished\":\"2022-02-07T20:19:39+00:00\",\"dateModified\":\"2023-12-17T17:47:37+00:00\",\"description\":\"Bonthe de Leone est une soci\u00e9t\u00e9 holding d'investissement.\",\"breadcrumb\":{\"@id\":\"https:\\\/\\\/bonthedeleone.com\\\/fr\\\/#breadcrumb\"},\"inLanguage\":\"fr-FR\",\"potentialAction\":[{\"@type\":\"ReadAction\",\"target\":[\"https:\\\/\\\/bonthedeleone.com\\\/fr\\\/\"]}]},{\"@type\":\"ImageObject\",\"inLanguage\":\"fr-FR\",\"@id\":\"https:\\\/\\\/bonthedeleone.com\\\/fr\\\/#primaryimage\",\"url\":\"https:\\\/\\\/bonthedeleone.com\\\/wp-content\\\/uploads\\\/2022\\\/02\\\/cropped-lions_in_blue-3.png\",\"contentUrl\":\"https:\\\/\\\/bonthedeleone.com\\\/wp-content\\\/uploads\\\/2022\\\/02\\\/cropped-lions_in_blue-3.png\",\"width\":1434,\"height\":1130},{\"@type\":\"BreadcrumbList\",\"@id\":\"https:\\\/\\\/bonthedeleone.com\\\/fr\\\/#breadcrumb\",\"itemListElement\":[{\"@type\":\"ListItem\",\"position\":1,\"name\":\"Home\",\"item\":\"https:\\\/\\\/bonthedeleone.com\\\/fr\\\/\"},{\"@type\":\"ListItem\",\"position\":2,\"name\":\"Accueil\"}]},{\"@type\":\"WebSite\",\"@id\":\"https:\\\/\\\/bonthedeleone.com\\\/fr\\\/#website\",\"url\":\"https:\\\/\\\/bonthedeleone.com\\\/fr\\\/\",\"name\":\"Bonthe de Leone\",\"description\":\"An investment holding company\",\"publisher\":{\"@id\":\"https:\\\/\\\/bonthedeleone.com\\\/fr\\\/#organization\"},\"potentialAction\":[{\"@type\":\"SearchAction\",\"target\":{\"@type\":\"EntryPoint\",\"urlTemplate\":\"https:\\\/\\\/bonthedeleone.com\\\/fr\\\/?s={search_term_string}\"},\"query-input\":{\"@type\":\"PropertyValueSpecification\",\"valueRequired\":true,\"valueName\":\"search_term_string\"}}],\"inLanguage\":\"fr-FR\"},{\"@type\":\"Organization\",\"@id\":\"https:\\\/\\\/bonthedeleone.com\\\/fr\\\/#organization\",\"name\":\"Bonthe de Leone Capital\",\"url\":\"https:\\\/\\\/bonthedeleone.com\\\/fr\\\/\",\"logo\":{\"@type\":\"ImageObject\",\"inLanguage\":\"fr-FR\",\"@id\":\"https:\\\/\\\/bonthedeleone.com\\\/fr\\\/#\\\/schema\\\/logo\\\/image\\\/\",\"url\":\"https:\\\/\\\/bonthedeleone.com\\\/wp-content\\\/uploads\\\/2022\\\/02\\\/cropped-cropped-lions_in_white-4.png\",\"contentUrl\":\"https:\\\/\\\/bonthedeleone.com\\\/wp-content\\\/uploads\\\/2022\\\/02\\\/cropped-cropped-lions_in_white-4.png\",\"width\":1269,\"height\":1025,\"caption\":\"Bonthe de Leone Capital\"},\"image\":{\"@id\":\"https:\\\/\\\/bonthedeleone.com\\\/fr\\\/#\\\/schema\\\/logo\\\/image\\\/\"}}]}<\/script>\n<!-- \/ Yoast SEO plugin. -->","yoast_head_json":{"title":"Accueil - Bonthe de Leone","description":"Bonthe de Leone est une soci\u00e9t\u00e9 holding d'investissement.","robots":{"index":"index","follow":"follow","max-snippet":"max-snippet:-1","max-image-preview":"max-image-preview:large","max-video-preview":"max-video-preview:-1"},"canonical":"https:\/\/bonthedeleone.com\/fr\/","og_locale":"fr_FR","og_type":"article","og_title":"Accueil - Bonthe de Leone","og_description":"Bonthe de Leone est une soci\u00e9t\u00e9 holding d'investissement.","og_url":"https:\/\/bonthedeleone.com\/fr\/","og_site_name":"Bonthe de Leone","article_modified_time":"2023-12-17T17:47:37+00:00","og_image":[{"width":1434,"height":1130,"url":"https:\/\/bonthedeleone.com\/wp-content\/uploads\/2022\/02\/cropped-lions_in_blue-3.png","type":"image\/png"}],"twitter_card":"summary_large_image","twitter_misc":{"Dur\u00e9e de lecture estim\u00e9e":"2 minutes"},"schema":{"@context":"https:\/\/schema.org","@graph":[{"@type":"WebPage","@id":"https:\/\/bonthedeleone.com\/fr\/","url":"https:\/\/bonthedeleone.com\/fr\/","name":"Accueil - Bonthe de Leone","isPartOf":{"@id":"https:\/\/bonthedeleone.com\/fr\/#website"},"primaryImageOfPage":{"@id":"https:\/\/bonthedeleone.com\/fr\/#primaryimage"},"image":{"@id":"https:\/\/bonthedeleone.com\/fr\/#primaryimage"},"thumbnailUrl":"https:\/\/bonthedeleone.com\/wp-content\/uploads\/2022\/02\/cropped-lions_in_blue-3.png","datePublished":"2022-02-07T20:19:39+00:00","dateModified":"2023-12-17T17:47:37+00:00","description":"Bonthe de Leone est une soci\u00e9t\u00e9 holding d'investissement.","breadcrumb":{"@id":"https:\/\/bonthedeleone.com\/fr\/#breadcrumb"},"inLanguage":"fr-FR","potentialAction":[{"@type":"ReadAction","target":["https:\/\/bonthedeleone.com\/fr\/"]}]},{"@type":"ImageObject","inLanguage":"fr-FR","@id":"https:\/\/bonthedeleone.com\/fr\/#primaryimage","url":"https:\/\/bonthedeleone.com\/wp-content\/uploads\/2022\/02\/cropped-lions_in_blue-3.png","contentUrl":"https:\/\/bonthedeleone.com\/wp-content\/uploads\/2022\/02\/cropped-lions_in_blue-3.png","width":1434,"height":1130},{"@type":"BreadcrumbList","@id":"https:\/\/bonthedeleone.com\/fr\/#breadcrumb","itemListElement":[{"@type":"ListItem","position":1,"name":"Home","item":"https:\/\/bonthedeleone.com\/fr\/"},{"@type":"ListItem","position":2,"name":"Accueil"}]},{"@type":"WebSite","@id":"https:\/\/bonthedeleone.com\/fr\/#website","url":"https:\/\/bonthedeleone.com\/fr\/","name":"Bonthe de Leone","description":"An investment holding company","publisher":{"@id":"https:\/\/bonthedeleone.com\/fr\/#organization"},"potentialAction":[{"@type":"SearchAction","target":{"@type":"EntryPoint","urlTemplate":"https:\/\/bonthedeleone.com\/fr\/?s={search_term_string}"},"query-input":{"@type":"PropertyValueSpecification","valueRequired":true,"valueName":"search_term_string"}}],"inLanguage":"fr-FR"},{"@type":"Organization","@id":"https:\/\/bonthedeleone.com\/fr\/#organization","name":"Bonthe de Leone Capital","url":"https:\/\/bonthedeleone.com\/fr\/","logo":{"@type":"ImageObject","inLanguage":"fr-FR","@id":"https:\/\/bonthedeleone.com\/fr\/#\/schema\/logo\/image\/","url":"https:\/\/bonthedeleone.com\/wp-content\/uploads\/2022\/02\/cropped-cropped-lions_in_white-4.png","contentUrl":"https:\/\/bonthedeleone.com\/wp-content\/uploads\/2022\/02\/cropped-cropped-lions_in_white-4.png","width":1269,"height":1025,"caption":"Bonthe de Leone Capital"},"image":{"@id":"https:\/\/bonthedeleone.com\/fr\/#\/schema\/logo\/image\/"}}]}},"_links":{"self":[{"href":"https:\/\/bonthedeleone.com\/fr\/wp-json\/wp\/v2\/pages\/3243","targetHints":{"allow":["GET"]}}],"collection":[{"href":"https:\/\/bonthedeleone.com\/fr\/wp-json\/wp\/v2\/pages"}],"about":[{"href":"https:\/\/bonthedeleone.com\/fr\/wp-json\/wp\/v2\/types\/page"}],"author":[{"embeddable":true,"href":"https:\/\/bonthedeleone.com\/fr\/wp-json\/wp\/v2\/users\/1"}],"replies":[{"embeddable":true,"href":"https:\/\/bonthedeleone.com\/fr\/wp-json\/wp\/v2\/comments?post=3243"}],"version-history":[{"count":1,"href":"https:\/\/bonthedeleone.com\/fr\/wp-json\/wp\/v2\/pages\/3243\/revisions"}],"predecessor-version":[{"id":3245,"href":"https:\/\/bonthedeleone.com\/fr\/wp-json\/wp\/v2\/pages\/3243\/revisions\/3245"}],"wp:featuredmedia":[{"embeddable":true,"href":"https:\/\/bonthedeleone.com\/fr\/wp-json\/wp\/v2\/media\/3244"}],"wp:attachment":[{"href":"https:\/\/bonthedeleone.com\/fr\/wp-json\/wp\/v2\/media?parent=3243"}],"curies":[{"name":"wp","href":"https:\/\/api.w.org\/{rel}","templated":true}]}}