{"id":3241,"date":"2022-02-07T21:41:51","date_gmt":"2022-02-07T21:41:51","guid":{"rendered":"https:\/\/bonthedeleone.com\/entreprises-dinteret\/"},"modified":"2022-02-07T21:41:51","modified_gmt":"2022-02-07T21:41:51","slug":"entreprises-dinteret","status":"publish","type":"page","link":"https:\/\/bonthedeleone.com\/fr\/entreprises-dinteret\/","title":{"rendered":"Entreprises d&rsquo;int\u00e9r\u00eat"},"content":{"rendered":"<div class=\"custom-centered-logo wp-block-site-logo\"><a href=\"https:\/\/bonthedeleone.com\/fr\/\" class=\"custom-logo-link\" rel=\"home\"><img loading=\"lazy\" decoding=\"async\" width=\"600\" height=\"596\" src=\"https:\/\/bonthedeleone.com\/wp-content\/uploads\/2025\/01\/logo2.png\" class=\"custom-logo\" alt=\"Bonthe de Leone\" srcset=\"https:\/\/bonthedeleone.com\/wp-content\/uploads\/2025\/01\/logo2.png 311w, https:\/\/bonthedeleone.com\/wp-content\/uploads\/2025\/01\/logo2-300x298.png 300w, https:\/\/bonthedeleone.com\/wp-content\/uploads\/2025\/01\/logo2-150x150.png 150w\" sizes=\"auto, (max-width: 600px) 100vw, 600px\" \/><\/a><\/div>\n\n\n<p class=\"has-black-color has-text-color has-medium-font-size\">Les entreprises concern\u00e9es sont les soci\u00e9t\u00e9s d&rsquo;exploitation et les entreprises<\/p>\n\n\n\n<ul class=\"wp-block-list\"><li>dans lesquels nous avons acquis des participations (actions) ou dans lesquels nous sommes susceptibles d&rsquo;acqu\u00e9rir des actions<\/li><li>qui versent des revenus d&rsquo;investissement tels que des int\u00e9r\u00eats et des dividendes&nbsp;<\/li><li>qui ont une petite, moyenne ou grande capitalisation boursi\u00e8re (Market cap)<\/li><li>qui ont de tr\u00e8s bonnes pr\u00e9visions de revenus, de croissance et de b\u00e9n\u00e9fices<\/li><li>qui ont une bonne action Ratio P\/E (ratio cours\/b\u00e9n\u00e9fice)<\/li><li>qui ont un bon BPA (B\u00e9n\u00e9fice par Action)<\/li><li>qui ont un bon taux de croissance du b\u00e9n\u00e9fice par action<\/li><\/ul>\n","protected":false},"excerpt":{"rendered":"<p>Les entreprises concern\u00e9es sont les soci\u00e9t\u00e9s d&rsquo;exploitation et les entreprises dans lesquels nous avons acquis des participations (actions) ou dans lesquels nous sommes susceptibles d&rsquo;acqu\u00e9rir des actions qui versent des revenus d&rsquo;investissement tels que des int\u00e9r\u00eats et des dividendes&nbsp; qui ont une petite, moyenne ou grande capitalisation boursi\u00e8re (Market cap) [&hellip;]<\/p>\n","protected":false},"author":1,"featured_media":0,"parent":0,"menu_order":0,"comment_status":"closed","ping_status":"closed","template":"","meta":{"footnotes":""},"class_list":["post-3241","page","type-page","status-publish","hentry"],"yoast_head":"<!-- This site is optimized with the Yoast SEO plugin v27.5 - https:\/\/yoast.com\/product\/yoast-seo-wordpress\/ -->\n<title>Entreprises d&#039;int\u00e9r\u00eat - Bonthe de Leone<\/title>\n<meta name=\"robots\" content=\"index, follow, max-snippet:-1, max-image-preview:large, max-video-preview:-1\" \/>\n<link rel=\"canonical\" href=\"https:\/\/bonthedeleone.com\/fr\/entreprises-dinteret\/\" \/>\n<meta property=\"og:locale\" content=\"fr_FR\" \/>\n<meta property=\"og:type\" content=\"article\" \/>\n<meta property=\"og:title\" content=\"Entreprises d&#039;int\u00e9r\u00eat - Bonthe de Leone\" \/>\n<meta property=\"og:description\" content=\"Les entreprises concern\u00e9es sont les soci\u00e9t\u00e9s d&rsquo;exploitation et les entreprises dans lesquels nous avons acquis des participations (actions) ou dans lesquels nous sommes susceptibles d&rsquo;acqu\u00e9rir des actions qui versent des revenus d&rsquo;investissement tels que des int\u00e9r\u00eats et des dividendes&nbsp; qui ont une petite, moyenne ou grande capitalisation boursi\u00e8re (Market cap) [&hellip;]\" \/>\n<meta property=\"og:url\" content=\"https:\/\/bonthedeleone.com\/fr\/entreprises-dinteret\/\" \/>\n<meta property=\"og:site_name\" content=\"Bonthe de Leone\" \/>\n<meta name=\"twitter:card\" content=\"summary_large_image\" \/>\n<meta name=\"twitter:label1\" content=\"Dur\u00e9e de lecture estim\u00e9e\" \/>\n\t<meta name=\"twitter:data1\" content=\"1 minute\" \/>\n<script type=\"application\/ld+json\" class=\"yoast-schema-graph\">{\"@context\":\"https:\\\/\\\/schema.org\",\"@graph\":[{\"@type\":\"WebPage\",\"@id\":\"https:\\\/\\\/bonthedeleone.com\\\/fr\\\/entreprises-dinteret\\\/\",\"url\":\"https:\\\/\\\/bonthedeleone.com\\\/fr\\\/entreprises-dinteret\\\/\",\"name\":\"Entreprises d'int\u00e9r\u00eat - Bonthe de Leone\",\"isPartOf\":{\"@id\":\"https:\\\/\\\/bonthedeleone.com\\\/fr\\\/#website\"},\"datePublished\":\"2022-02-07T21:41:51+00:00\",\"breadcrumb\":{\"@id\":\"https:\\\/\\\/bonthedeleone.com\\\/fr\\\/entreprises-dinteret\\\/#breadcrumb\"},\"inLanguage\":\"fr-FR\",\"potentialAction\":[{\"@type\":\"ReadAction\",\"target\":[\"https:\\\/\\\/bonthedeleone.com\\\/fr\\\/entreprises-dinteret\\\/\"]}]},{\"@type\":\"BreadcrumbList\",\"@id\":\"https:\\\/\\\/bonthedeleone.com\\\/fr\\\/entreprises-dinteret\\\/#breadcrumb\",\"itemListElement\":[{\"@type\":\"ListItem\",\"position\":1,\"name\":\"Home\",\"item\":\"https:\\\/\\\/bonthedeleone.com\\\/fr\\\/\"},{\"@type\":\"ListItem\",\"position\":2,\"name\":\"Entreprises d&#8217;int\u00e9r\u00eat\"}]},{\"@type\":\"WebSite\",\"@id\":\"https:\\\/\\\/bonthedeleone.com\\\/fr\\\/#website\",\"url\":\"https:\\\/\\\/bonthedeleone.com\\\/fr\\\/\",\"name\":\"Bonthe de Leone\",\"description\":\"An investment holding company\",\"publisher\":{\"@id\":\"https:\\\/\\\/bonthedeleone.com\\\/fr\\\/#organization\"},\"potentialAction\":[{\"@type\":\"SearchAction\",\"target\":{\"@type\":\"EntryPoint\",\"urlTemplate\":\"https:\\\/\\\/bonthedeleone.com\\\/fr\\\/?s={search_term_string}\"},\"query-input\":{\"@type\":\"PropertyValueSpecification\",\"valueRequired\":true,\"valueName\":\"search_term_string\"}}],\"inLanguage\":\"fr-FR\"},{\"@type\":\"Organization\",\"@id\":\"https:\\\/\\\/bonthedeleone.com\\\/fr\\\/#organization\",\"name\":\"Bonthe de Leone Capital\",\"url\":\"https:\\\/\\\/bonthedeleone.com\\\/fr\\\/\",\"logo\":{\"@type\":\"ImageObject\",\"inLanguage\":\"fr-FR\",\"@id\":\"https:\\\/\\\/bonthedeleone.com\\\/fr\\\/#\\\/schema\\\/logo\\\/image\\\/\",\"url\":\"https:\\\/\\\/bonthedeleone.com\\\/wp-content\\\/uploads\\\/2022\\\/02\\\/cropped-cropped-lions_in_white-4.png\",\"contentUrl\":\"https:\\\/\\\/bonthedeleone.com\\\/wp-content\\\/uploads\\\/2022\\\/02\\\/cropped-cropped-lions_in_white-4.png\",\"width\":1269,\"height\":1025,\"caption\":\"Bonthe de Leone Capital\"},\"image\":{\"@id\":\"https:\\\/\\\/bonthedeleone.com\\\/fr\\\/#\\\/schema\\\/logo\\\/image\\\/\"}}]}<\/script>\n<!-- \/ Yoast SEO plugin. -->","yoast_head_json":{"title":"Entreprises d'int\u00e9r\u00eat - Bonthe de Leone","robots":{"index":"index","follow":"follow","max-snippet":"max-snippet:-1","max-image-preview":"max-image-preview:large","max-video-preview":"max-video-preview:-1"},"canonical":"https:\/\/bonthedeleone.com\/fr\/entreprises-dinteret\/","og_locale":"fr_FR","og_type":"article","og_title":"Entreprises d'int\u00e9r\u00eat - Bonthe de Leone","og_description":"Les entreprises concern\u00e9es sont les soci\u00e9t\u00e9s d&rsquo;exploitation et les entreprises dans lesquels nous avons acquis des participations (actions) ou dans lesquels nous sommes susceptibles d&rsquo;acqu\u00e9rir des actions qui versent des revenus d&rsquo;investissement tels que des int\u00e9r\u00eats et des dividendes&nbsp; qui ont une petite, moyenne ou grande capitalisation boursi\u00e8re (Market cap) [&hellip;]","og_url":"https:\/\/bonthedeleone.com\/fr\/entreprises-dinteret\/","og_site_name":"Bonthe de Leone","twitter_card":"summary_large_image","twitter_misc":{"Dur\u00e9e de lecture estim\u00e9e":"1 minute"},"schema":{"@context":"https:\/\/schema.org","@graph":[{"@type":"WebPage","@id":"https:\/\/bonthedeleone.com\/fr\/entreprises-dinteret\/","url":"https:\/\/bonthedeleone.com\/fr\/entreprises-dinteret\/","name":"Entreprises d'int\u00e9r\u00eat - Bonthe de Leone","isPartOf":{"@id":"https:\/\/bonthedeleone.com\/fr\/#website"},"datePublished":"2022-02-07T21:41:51+00:00","breadcrumb":{"@id":"https:\/\/bonthedeleone.com\/fr\/entreprises-dinteret\/#breadcrumb"},"inLanguage":"fr-FR","potentialAction":[{"@type":"ReadAction","target":["https:\/\/bonthedeleone.com\/fr\/entreprises-dinteret\/"]}]},{"@type":"BreadcrumbList","@id":"https:\/\/bonthedeleone.com\/fr\/entreprises-dinteret\/#breadcrumb","itemListElement":[{"@type":"ListItem","position":1,"name":"Home","item":"https:\/\/bonthedeleone.com\/fr\/"},{"@type":"ListItem","position":2,"name":"Entreprises d&#8217;int\u00e9r\u00eat"}]},{"@type":"WebSite","@id":"https:\/\/bonthedeleone.com\/fr\/#website","url":"https:\/\/bonthedeleone.com\/fr\/","name":"Bonthe de Leone","description":"An investment holding company","publisher":{"@id":"https:\/\/bonthedeleone.com\/fr\/#organization"},"potentialAction":[{"@type":"SearchAction","target":{"@type":"EntryPoint","urlTemplate":"https:\/\/bonthedeleone.com\/fr\/?s={search_term_string}"},"query-input":{"@type":"PropertyValueSpecification","valueRequired":true,"valueName":"search_term_string"}}],"inLanguage":"fr-FR"},{"@type":"Organization","@id":"https:\/\/bonthedeleone.com\/fr\/#organization","name":"Bonthe de Leone Capital","url":"https:\/\/bonthedeleone.com\/fr\/","logo":{"@type":"ImageObject","inLanguage":"fr-FR","@id":"https:\/\/bonthedeleone.com\/fr\/#\/schema\/logo\/image\/","url":"https:\/\/bonthedeleone.com\/wp-content\/uploads\/2022\/02\/cropped-cropped-lions_in_white-4.png","contentUrl":"https:\/\/bonthedeleone.com\/wp-content\/uploads\/2022\/02\/cropped-cropped-lions_in_white-4.png","width":1269,"height":1025,"caption":"Bonthe de Leone Capital"},"image":{"@id":"https:\/\/bonthedeleone.com\/fr\/#\/schema\/logo\/image\/"}}]}},"_links":{"self":[{"href":"https:\/\/bonthedeleone.com\/fr\/wp-json\/wp\/v2\/pages\/3241","targetHints":{"allow":["GET"]}}],"collection":[{"href":"https:\/\/bonthedeleone.com\/fr\/wp-json\/wp\/v2\/pages"}],"about":[{"href":"https:\/\/bonthedeleone.com\/fr\/wp-json\/wp\/v2\/types\/page"}],"author":[{"embeddable":true,"href":"https:\/\/bonthedeleone.com\/fr\/wp-json\/wp\/v2\/users\/1"}],"replies":[{"embeddable":true,"href":"https:\/\/bonthedeleone.com\/fr\/wp-json\/wp\/v2\/comments?post=3241"}],"version-history":[{"count":0,"href":"https:\/\/bonthedeleone.com\/fr\/wp-json\/wp\/v2\/pages\/3241\/revisions"}],"wp:attachment":[{"href":"https:\/\/bonthedeleone.com\/fr\/wp-json\/wp\/v2\/media?parent=3241"}],"curies":[{"name":"wp","href":"https:\/\/api.w.org\/{rel}","templated":true}]}}