{"id":3181,"date":"2022-02-10T22:42:26","date_gmt":"2022-02-10T22:42:26","guid":{"rendered":"https:\/\/bonthedeleone.com\/programme-dechange\/"},"modified":"2022-02-10T22:42:26","modified_gmt":"2022-02-10T22:42:26","slug":"programme-dechange","status":"publish","type":"page","link":"https:\/\/bonthedeleone.com\/fr\/programme-dechange\/","title":{"rendered":"Programme d&rsquo;\u00e9change"},"content":{"rendered":"<div class=\"custom-centered-logo wp-block-site-logo\"><a href=\"https:\/\/bonthedeleone.com\/fr\/\" class=\"custom-logo-link\" rel=\"home\"><img loading=\"lazy\" decoding=\"async\" width=\"600\" height=\"596\" src=\"https:\/\/bonthedeleone.com\/wp-content\/uploads\/2025\/01\/logo2.png\" class=\"custom-logo\" alt=\"Bonthe de Leone\" srcset=\"https:\/\/bonthedeleone.com\/wp-content\/uploads\/2025\/01\/logo2.png 311w, https:\/\/bonthedeleone.com\/wp-content\/uploads\/2025\/01\/logo2-300x298.png 300w, https:\/\/bonthedeleone.com\/wp-content\/uploads\/2025\/01\/logo2-150x150.png 150w\" sizes=\"auto, (max-width: 600px) 100vw, 600px\" \/><\/a><\/div>\n\n\n<p>Notre programme de n\u00e9gociation implique des investissements et des transactions sur les march\u00e9s des capitaux, les march\u00e9s mon\u00e9taires et les march\u00e9s des produits d\u00e9riv\u00e9s.<\/p>\n\n\n\n<p>Nos investissements sur les march\u00e9s des capitaux comprennent la n\u00e9gociation de titres de cr\u00e9ance \u00e0 long terme et de titres adoss\u00e9s \u00e0 des actions, tels que des obligations, des actions, des mati\u00e8res premi\u00e8res et des devises.<\/p>\n\n\n\n<p>Nos investissements sur les march\u00e9s mon\u00e9taires comprennent la n\u00e9gociation de titres \u00e0 court terme tels que les acceptations bancaires, les papiers commerciaux, les certificats de d\u00e9p\u00f4t (CD), les bons du Tr\u00e9sor (T-Bills) et les obligations \u00e0 court terme dont l&rsquo;\u00e9ch\u00e9ance est inf\u00e9rieure \u00e0 1 an.<\/p>\n\n\n\n<p>Nos investissements sur les march\u00e9s d\u00e9riv\u00e9s comprennent la n\u00e9gociation de contrats \u00e0 terme et d&rsquo;options.<\/p>\n\n\n\n<p>Pour plus d&rsquo;informations sur notre programme de n\u00e9gociation, comme les \u00e9tudes de march\u00e9, les analyses, les pr\u00e9visions et les strat\u00e9gies, veuillez vous <a class=\".lrm-login\" href=\"#\">enregistrer et <\/a> vous connecter.  <\/p>\n","protected":false},"excerpt":{"rendered":"<p>Notre programme de n\u00e9gociation implique des investissements et des transactions sur les march\u00e9s des capitaux, les march\u00e9s mon\u00e9taires et les march\u00e9s des produits d\u00e9riv\u00e9s. Nos investissements sur les march\u00e9s des capitaux comprennent la n\u00e9gociation de titres de cr\u00e9ance \u00e0 long terme et de titres adoss\u00e9s \u00e0 des actions, tels que [&hellip;]<\/p>\n","protected":false},"author":1,"featured_media":0,"parent":0,"menu_order":0,"comment_status":"closed","ping_status":"closed","template":"","meta":{"footnotes":""},"class_list":["post-3181","page","type-page","status-publish","hentry"],"yoast_head":"<!-- This site is optimized with the Yoast SEO plugin v27.5 - https:\/\/yoast.com\/product\/yoast-seo-wordpress\/ -->\n<title>Programme d&#039;\u00e9change - Bonthe de Leone<\/title>\n<meta name=\"robots\" content=\"index, follow, max-snippet:-1, max-image-preview:large, max-video-preview:-1\" \/>\n<link rel=\"canonical\" href=\"https:\/\/bonthedeleone.com\/fr\/programme-dechange\/\" \/>\n<meta property=\"og:locale\" content=\"fr_FR\" \/>\n<meta property=\"og:type\" content=\"article\" \/>\n<meta property=\"og:title\" content=\"Programme d&#039;\u00e9change - Bonthe de Leone\" \/>\n<meta property=\"og:description\" content=\"Notre programme de n\u00e9gociation implique des investissements et des transactions sur les march\u00e9s des capitaux, les march\u00e9s mon\u00e9taires et les march\u00e9s des produits d\u00e9riv\u00e9s. Nos investissements sur les march\u00e9s des capitaux comprennent la n\u00e9gociation de titres de cr\u00e9ance \u00e0 long terme et de titres adoss\u00e9s \u00e0 des actions, tels que [&hellip;]\" \/>\n<meta property=\"og:url\" content=\"https:\/\/bonthedeleone.com\/fr\/programme-dechange\/\" \/>\n<meta property=\"og:site_name\" content=\"Bonthe de Leone\" \/>\n<meta name=\"twitter:card\" content=\"summary_large_image\" \/>\n<meta name=\"twitter:label1\" content=\"Dur\u00e9e de lecture estim\u00e9e\" \/>\n\t<meta name=\"twitter:data1\" content=\"1 minute\" \/>\n<script type=\"application\/ld+json\" class=\"yoast-schema-graph\">{\"@context\":\"https:\\\/\\\/schema.org\",\"@graph\":[{\"@type\":\"WebPage\",\"@id\":\"https:\\\/\\\/bonthedeleone.com\\\/fr\\\/programme-dechange\\\/\",\"url\":\"https:\\\/\\\/bonthedeleone.com\\\/fr\\\/programme-dechange\\\/\",\"name\":\"Programme d'\u00e9change - Bonthe de Leone\",\"isPartOf\":{\"@id\":\"https:\\\/\\\/bonthedeleone.com\\\/fr\\\/#website\"},\"datePublished\":\"2022-02-10T22:42:26+00:00\",\"breadcrumb\":{\"@id\":\"https:\\\/\\\/bonthedeleone.com\\\/fr\\\/programme-dechange\\\/#breadcrumb\"},\"inLanguage\":\"fr-FR\",\"potentialAction\":[{\"@type\":\"ReadAction\",\"target\":[\"https:\\\/\\\/bonthedeleone.com\\\/fr\\\/programme-dechange\\\/\"]}]},{\"@type\":\"BreadcrumbList\",\"@id\":\"https:\\\/\\\/bonthedeleone.com\\\/fr\\\/programme-dechange\\\/#breadcrumb\",\"itemListElement\":[{\"@type\":\"ListItem\",\"position\":1,\"name\":\"Home\",\"item\":\"https:\\\/\\\/bonthedeleone.com\\\/fr\\\/\"},{\"@type\":\"ListItem\",\"position\":2,\"name\":\"Programme d&#8217;\u00e9change\"}]},{\"@type\":\"WebSite\",\"@id\":\"https:\\\/\\\/bonthedeleone.com\\\/fr\\\/#website\",\"url\":\"https:\\\/\\\/bonthedeleone.com\\\/fr\\\/\",\"name\":\"Bonthe de Leone\",\"description\":\"An investment holding company\",\"publisher\":{\"@id\":\"https:\\\/\\\/bonthedeleone.com\\\/fr\\\/#organization\"},\"potentialAction\":[{\"@type\":\"SearchAction\",\"target\":{\"@type\":\"EntryPoint\",\"urlTemplate\":\"https:\\\/\\\/bonthedeleone.com\\\/fr\\\/?s={search_term_string}\"},\"query-input\":{\"@type\":\"PropertyValueSpecification\",\"valueRequired\":true,\"valueName\":\"search_term_string\"}}],\"inLanguage\":\"fr-FR\"},{\"@type\":\"Organization\",\"@id\":\"https:\\\/\\\/bonthedeleone.com\\\/fr\\\/#organization\",\"name\":\"Bonthe de Leone Capital\",\"url\":\"https:\\\/\\\/bonthedeleone.com\\\/fr\\\/\",\"logo\":{\"@type\":\"ImageObject\",\"inLanguage\":\"fr-FR\",\"@id\":\"https:\\\/\\\/bonthedeleone.com\\\/fr\\\/#\\\/schema\\\/logo\\\/image\\\/\",\"url\":\"https:\\\/\\\/bonthedeleone.com\\\/wp-content\\\/uploads\\\/2022\\\/02\\\/cropped-cropped-lions_in_white-4.png\",\"contentUrl\":\"https:\\\/\\\/bonthedeleone.com\\\/wp-content\\\/uploads\\\/2022\\\/02\\\/cropped-cropped-lions_in_white-4.png\",\"width\":1269,\"height\":1025,\"caption\":\"Bonthe de Leone Capital\"},\"image\":{\"@id\":\"https:\\\/\\\/bonthedeleone.com\\\/fr\\\/#\\\/schema\\\/logo\\\/image\\\/\"}}]}<\/script>\n<!-- \/ Yoast SEO plugin. -->","yoast_head_json":{"title":"Programme d'\u00e9change - Bonthe de Leone","robots":{"index":"index","follow":"follow","max-snippet":"max-snippet:-1","max-image-preview":"max-image-preview:large","max-video-preview":"max-video-preview:-1"},"canonical":"https:\/\/bonthedeleone.com\/fr\/programme-dechange\/","og_locale":"fr_FR","og_type":"article","og_title":"Programme d'\u00e9change - Bonthe de Leone","og_description":"Notre programme de n\u00e9gociation implique des investissements et des transactions sur les march\u00e9s des capitaux, les march\u00e9s mon\u00e9taires et les march\u00e9s des produits d\u00e9riv\u00e9s. Nos investissements sur les march\u00e9s des capitaux comprennent la n\u00e9gociation de titres de cr\u00e9ance \u00e0 long terme et de titres adoss\u00e9s \u00e0 des actions, tels que [&hellip;]","og_url":"https:\/\/bonthedeleone.com\/fr\/programme-dechange\/","og_site_name":"Bonthe de Leone","twitter_card":"summary_large_image","twitter_misc":{"Dur\u00e9e de lecture estim\u00e9e":"1 minute"},"schema":{"@context":"https:\/\/schema.org","@graph":[{"@type":"WebPage","@id":"https:\/\/bonthedeleone.com\/fr\/programme-dechange\/","url":"https:\/\/bonthedeleone.com\/fr\/programme-dechange\/","name":"Programme d'\u00e9change - Bonthe de Leone","isPartOf":{"@id":"https:\/\/bonthedeleone.com\/fr\/#website"},"datePublished":"2022-02-10T22:42:26+00:00","breadcrumb":{"@id":"https:\/\/bonthedeleone.com\/fr\/programme-dechange\/#breadcrumb"},"inLanguage":"fr-FR","potentialAction":[{"@type":"ReadAction","target":["https:\/\/bonthedeleone.com\/fr\/programme-dechange\/"]}]},{"@type":"BreadcrumbList","@id":"https:\/\/bonthedeleone.com\/fr\/programme-dechange\/#breadcrumb","itemListElement":[{"@type":"ListItem","position":1,"name":"Home","item":"https:\/\/bonthedeleone.com\/fr\/"},{"@type":"ListItem","position":2,"name":"Programme d&#8217;\u00e9change"}]},{"@type":"WebSite","@id":"https:\/\/bonthedeleone.com\/fr\/#website","url":"https:\/\/bonthedeleone.com\/fr\/","name":"Bonthe de Leone","description":"An investment holding company","publisher":{"@id":"https:\/\/bonthedeleone.com\/fr\/#organization"},"potentialAction":[{"@type":"SearchAction","target":{"@type":"EntryPoint","urlTemplate":"https:\/\/bonthedeleone.com\/fr\/?s={search_term_string}"},"query-input":{"@type":"PropertyValueSpecification","valueRequired":true,"valueName":"search_term_string"}}],"inLanguage":"fr-FR"},{"@type":"Organization","@id":"https:\/\/bonthedeleone.com\/fr\/#organization","name":"Bonthe de Leone Capital","url":"https:\/\/bonthedeleone.com\/fr\/","logo":{"@type":"ImageObject","inLanguage":"fr-FR","@id":"https:\/\/bonthedeleone.com\/fr\/#\/schema\/logo\/image\/","url":"https:\/\/bonthedeleone.com\/wp-content\/uploads\/2022\/02\/cropped-cropped-lions_in_white-4.png","contentUrl":"https:\/\/bonthedeleone.com\/wp-content\/uploads\/2022\/02\/cropped-cropped-lions_in_white-4.png","width":1269,"height":1025,"caption":"Bonthe de Leone Capital"},"image":{"@id":"https:\/\/bonthedeleone.com\/fr\/#\/schema\/logo\/image\/"}}]}},"_links":{"self":[{"href":"https:\/\/bonthedeleone.com\/fr\/wp-json\/wp\/v2\/pages\/3181","targetHints":{"allow":["GET"]}}],"collection":[{"href":"https:\/\/bonthedeleone.com\/fr\/wp-json\/wp\/v2\/pages"}],"about":[{"href":"https:\/\/bonthedeleone.com\/fr\/wp-json\/wp\/v2\/types\/page"}],"author":[{"embeddable":true,"href":"https:\/\/bonthedeleone.com\/fr\/wp-json\/wp\/v2\/users\/1"}],"replies":[{"embeddable":true,"href":"https:\/\/bonthedeleone.com\/fr\/wp-json\/wp\/v2\/comments?post=3181"}],"version-history":[{"count":0,"href":"https:\/\/bonthedeleone.com\/fr\/wp-json\/wp\/v2\/pages\/3181\/revisions"}],"wp:attachment":[{"href":"https:\/\/bonthedeleone.com\/fr\/wp-json\/wp\/v2\/media?parent=3181"}],"curies":[{"name":"wp","href":"https:\/\/api.w.org\/{rel}","templated":true}]}}