{"id":3242,"date":"2022-02-07T21:41:51","date_gmt":"2022-02-07T21:41:51","guid":{"rendered":"https:\/\/bonthedeleone.com\/empresas-de-interes\/"},"modified":"2022-02-07T21:41:51","modified_gmt":"2022-02-07T21:41:51","slug":"empresas-de-interes","status":"publish","type":"page","link":"https:\/\/bonthedeleone.com\/es\/empresas-de-interes\/","title":{"rendered":"Empresas de inter\u00e9s"},"content":{"rendered":"<div class=\"custom-centered-logo wp-block-site-logo\"><a href=\"https:\/\/bonthedeleone.com\/es\/\" class=\"custom-logo-link\" rel=\"home\"><img loading=\"lazy\" decoding=\"async\" width=\"600\" height=\"596\" src=\"https:\/\/bonthedeleone.com\/wp-content\/uploads\/2025\/01\/logo2.png\" class=\"custom-logo\" alt=\"Bonthe de Leone\" srcset=\"https:\/\/bonthedeleone.com\/wp-content\/uploads\/2025\/01\/logo2.png 311w, https:\/\/bonthedeleone.com\/wp-content\/uploads\/2025\/01\/logo2-300x298.png 300w, https:\/\/bonthedeleone.com\/wp-content\/uploads\/2025\/01\/logo2-150x150.png 150w\" sizes=\"auto, (max-width: 600px) 100vw, 600px\" \/><\/a><\/div>\n\n\n<p class=\"has-black-color has-text-color has-medium-font-size\">Las empresas de inter\u00e9s son compa\u00f1\u00edas y empresas en funcionamiento<\/p>\n\n\n\n<ul class=\"wp-block-list\"><li>en las que hemos adquirido participaciones o en las que es probable que las adquiramos.<\/li><li>que pagan rentas de inversi\u00f3n, como intereses y dividendos&nbsp;<\/li><li>que tienen una capitalizaci\u00f3n burs\u00e1til peque\u00f1a, mediana o grande (Market cap)<\/li><li>que tienen muy buenas previsiones de ingresos, crecimiento y beneficios<\/li><li>que tienen una buena relaci\u00f3n precio\/beneficio (RPA)<\/li><li>que tienen un buen BPA (beneficio por acci\u00f3n)<\/li><li>que tienen una buena tasa de crecimiento del BPA<\/li><\/ul>\n","protected":false},"excerpt":{"rendered":"<p>Las empresas de inter\u00e9s son compa\u00f1\u00edas y empresas en funcionamiento en las que hemos adquirido participaciones o en las que es probable que las adquiramos. que pagan rentas de inversi\u00f3n, como intereses y dividendos&nbsp; que tienen una capitalizaci\u00f3n burs\u00e1til peque\u00f1a, mediana o grande (Market cap) que tienen muy buenas previsiones [&hellip;]<\/p>\n","protected":false},"author":1,"featured_media":0,"parent":0,"menu_order":0,"comment_status":"closed","ping_status":"closed","template":"","meta":{"footnotes":""},"class_list":["post-3242","page","type-page","status-publish","hentry"],"yoast_head":"<!-- This site is optimized with the Yoast SEO plugin v27.5 - https:\/\/yoast.com\/product\/yoast-seo-wordpress\/ -->\n<title>Empresas de inter\u00e9s - Bonthe de Leone<\/title>\n<meta name=\"robots\" content=\"index, follow, max-snippet:-1, max-image-preview:large, max-video-preview:-1\" \/>\n<link rel=\"canonical\" href=\"https:\/\/bonthedeleone.com\/es\/empresas-de-interes\/\" \/>\n<meta property=\"og:locale\" content=\"es_ES\" \/>\n<meta property=\"og:type\" content=\"article\" \/>\n<meta property=\"og:title\" content=\"Empresas de inter\u00e9s - Bonthe de Leone\" \/>\n<meta property=\"og:description\" content=\"Las empresas de inter\u00e9s son compa\u00f1\u00edas y empresas en funcionamiento en las que hemos adquirido participaciones o en las que es probable que las adquiramos. que pagan rentas de inversi\u00f3n, como intereses y dividendos&nbsp; que tienen una capitalizaci\u00f3n burs\u00e1til peque\u00f1a, mediana o grande (Market cap) que tienen muy buenas previsiones [&hellip;]\" \/>\n<meta property=\"og:url\" content=\"https:\/\/bonthedeleone.com\/es\/empresas-de-interes\/\" \/>\n<meta property=\"og:site_name\" content=\"Bonthe de Leone\" \/>\n<meta name=\"twitter:card\" content=\"summary_large_image\" \/>\n<script type=\"application\/ld+json\" class=\"yoast-schema-graph\">{\"@context\":\"https:\\\/\\\/schema.org\",\"@graph\":[{\"@type\":\"WebPage\",\"@id\":\"https:\\\/\\\/bonthedeleone.com\\\/es\\\/empresas-de-interes\\\/\",\"url\":\"https:\\\/\\\/bonthedeleone.com\\\/es\\\/empresas-de-interes\\\/\",\"name\":\"Empresas de inter\u00e9s - Bonthe de Leone\",\"isPartOf\":{\"@id\":\"https:\\\/\\\/bonthedeleone.com\\\/es\\\/#website\"},\"datePublished\":\"2022-02-07T21:41:51+00:00\",\"breadcrumb\":{\"@id\":\"https:\\\/\\\/bonthedeleone.com\\\/es\\\/empresas-de-interes\\\/#breadcrumb\"},\"inLanguage\":\"es\",\"potentialAction\":[{\"@type\":\"ReadAction\",\"target\":[\"https:\\\/\\\/bonthedeleone.com\\\/es\\\/empresas-de-interes\\\/\"]}]},{\"@type\":\"BreadcrumbList\",\"@id\":\"https:\\\/\\\/bonthedeleone.com\\\/es\\\/empresas-de-interes\\\/#breadcrumb\",\"itemListElement\":[{\"@type\":\"ListItem\",\"position\":1,\"name\":\"Home\",\"item\":\"https:\\\/\\\/bonthedeleone.com\\\/es\\\/\"},{\"@type\":\"ListItem\",\"position\":2,\"name\":\"Empresas de inter\u00e9s\"}]},{\"@type\":\"WebSite\",\"@id\":\"https:\\\/\\\/bonthedeleone.com\\\/es\\\/#website\",\"url\":\"https:\\\/\\\/bonthedeleone.com\\\/es\\\/\",\"name\":\"Bonthe de Leone\",\"description\":\"An investment holding company\",\"publisher\":{\"@id\":\"https:\\\/\\\/bonthedeleone.com\\\/es\\\/#organization\"},\"potentialAction\":[{\"@type\":\"SearchAction\",\"target\":{\"@type\":\"EntryPoint\",\"urlTemplate\":\"https:\\\/\\\/bonthedeleone.com\\\/es\\\/?s={search_term_string}\"},\"query-input\":{\"@type\":\"PropertyValueSpecification\",\"valueRequired\":true,\"valueName\":\"search_term_string\"}}],\"inLanguage\":\"es\"},{\"@type\":\"Organization\",\"@id\":\"https:\\\/\\\/bonthedeleone.com\\\/es\\\/#organization\",\"name\":\"Bonthe de Leone Capital\",\"url\":\"https:\\\/\\\/bonthedeleone.com\\\/es\\\/\",\"logo\":{\"@type\":\"ImageObject\",\"inLanguage\":\"es\",\"@id\":\"https:\\\/\\\/bonthedeleone.com\\\/es\\\/#\\\/schema\\\/logo\\\/image\\\/\",\"url\":\"https:\\\/\\\/bonthedeleone.com\\\/wp-content\\\/uploads\\\/2022\\\/02\\\/cropped-cropped-lions_in_white-4.png\",\"contentUrl\":\"https:\\\/\\\/bonthedeleone.com\\\/wp-content\\\/uploads\\\/2022\\\/02\\\/cropped-cropped-lions_in_white-4.png\",\"width\":1269,\"height\":1025,\"caption\":\"Bonthe de Leone Capital\"},\"image\":{\"@id\":\"https:\\\/\\\/bonthedeleone.com\\\/es\\\/#\\\/schema\\\/logo\\\/image\\\/\"}}]}<\/script>\n<!-- \/ Yoast SEO plugin. -->","yoast_head_json":{"title":"Empresas de inter\u00e9s - Bonthe de Leone","robots":{"index":"index","follow":"follow","max-snippet":"max-snippet:-1","max-image-preview":"max-image-preview:large","max-video-preview":"max-video-preview:-1"},"canonical":"https:\/\/bonthedeleone.com\/es\/empresas-de-interes\/","og_locale":"es_ES","og_type":"article","og_title":"Empresas de inter\u00e9s - Bonthe de Leone","og_description":"Las empresas de inter\u00e9s son compa\u00f1\u00edas y empresas en funcionamiento en las que hemos adquirido participaciones o en las que es probable que las adquiramos. que pagan rentas de inversi\u00f3n, como intereses y dividendos&nbsp; que tienen una capitalizaci\u00f3n burs\u00e1til peque\u00f1a, mediana o grande (Market cap) que tienen muy buenas previsiones [&hellip;]","og_url":"https:\/\/bonthedeleone.com\/es\/empresas-de-interes\/","og_site_name":"Bonthe de Leone","twitter_card":"summary_large_image","schema":{"@context":"https:\/\/schema.org","@graph":[{"@type":"WebPage","@id":"https:\/\/bonthedeleone.com\/es\/empresas-de-interes\/","url":"https:\/\/bonthedeleone.com\/es\/empresas-de-interes\/","name":"Empresas de inter\u00e9s - Bonthe de Leone","isPartOf":{"@id":"https:\/\/bonthedeleone.com\/es\/#website"},"datePublished":"2022-02-07T21:41:51+00:00","breadcrumb":{"@id":"https:\/\/bonthedeleone.com\/es\/empresas-de-interes\/#breadcrumb"},"inLanguage":"es","potentialAction":[{"@type":"ReadAction","target":["https:\/\/bonthedeleone.com\/es\/empresas-de-interes\/"]}]},{"@type":"BreadcrumbList","@id":"https:\/\/bonthedeleone.com\/es\/empresas-de-interes\/#breadcrumb","itemListElement":[{"@type":"ListItem","position":1,"name":"Home","item":"https:\/\/bonthedeleone.com\/es\/"},{"@type":"ListItem","position":2,"name":"Empresas de inter\u00e9s"}]},{"@type":"WebSite","@id":"https:\/\/bonthedeleone.com\/es\/#website","url":"https:\/\/bonthedeleone.com\/es\/","name":"Bonthe de Leone","description":"An investment holding company","publisher":{"@id":"https:\/\/bonthedeleone.com\/es\/#organization"},"potentialAction":[{"@type":"SearchAction","target":{"@type":"EntryPoint","urlTemplate":"https:\/\/bonthedeleone.com\/es\/?s={search_term_string}"},"query-input":{"@type":"PropertyValueSpecification","valueRequired":true,"valueName":"search_term_string"}}],"inLanguage":"es"},{"@type":"Organization","@id":"https:\/\/bonthedeleone.com\/es\/#organization","name":"Bonthe de Leone Capital","url":"https:\/\/bonthedeleone.com\/es\/","logo":{"@type":"ImageObject","inLanguage":"es","@id":"https:\/\/bonthedeleone.com\/es\/#\/schema\/logo\/image\/","url":"https:\/\/bonthedeleone.com\/wp-content\/uploads\/2022\/02\/cropped-cropped-lions_in_white-4.png","contentUrl":"https:\/\/bonthedeleone.com\/wp-content\/uploads\/2022\/02\/cropped-cropped-lions_in_white-4.png","width":1269,"height":1025,"caption":"Bonthe de Leone Capital"},"image":{"@id":"https:\/\/bonthedeleone.com\/es\/#\/schema\/logo\/image\/"}}]}},"_links":{"self":[{"href":"https:\/\/bonthedeleone.com\/es\/wp-json\/wp\/v2\/pages\/3242","targetHints":{"allow":["GET"]}}],"collection":[{"href":"https:\/\/bonthedeleone.com\/es\/wp-json\/wp\/v2\/pages"}],"about":[{"href":"https:\/\/bonthedeleone.com\/es\/wp-json\/wp\/v2\/types\/page"}],"author":[{"embeddable":true,"href":"https:\/\/bonthedeleone.com\/es\/wp-json\/wp\/v2\/users\/1"}],"replies":[{"embeddable":true,"href":"https:\/\/bonthedeleone.com\/es\/wp-json\/wp\/v2\/comments?post=3242"}],"version-history":[{"count":0,"href":"https:\/\/bonthedeleone.com\/es\/wp-json\/wp\/v2\/pages\/3242\/revisions"}],"wp:attachment":[{"href":"https:\/\/bonthedeleone.com\/es\/wp-json\/wp\/v2\/media?parent=3242"}],"curies":[{"name":"wp","href":"https:\/\/api.w.org\/{rel}","templated":true}]}}