{"id":3193,"date":"2022-02-07T20:19:39","date_gmt":"2022-02-07T20:19:39","guid":{"rendered":"https:\/\/bonthedeleone.com\/inicio\/"},"modified":"2023-12-17T17:48:26","modified_gmt":"2023-12-17T17:48:26","slug":"inicio","status":"publish","type":"page","link":"https:\/\/bonthedeleone.com\/es\/","title":{"rendered":"Inicio"},"content":{"rendered":"\n<h2 class=\"wp-block-heading\">Qui\u00e9nes somos<\/h2>\n\n\n\n<p>Bonthe de Leone es un holding de inversiones. Las principales actividades de la empresa son las inversiones y adquisiciones de participaciones en acciones de empresas operativas. Una empresa en funcionamiento es una empresa que produce bienes o presta servicios. En Bonthe de Leone invertimos en empresas que operan en distintos mercados y sectores. Por lo general, invertimos en empresas con elevados beneficios por acci\u00f3n (BPA), una fuerte tasa de crecimiento prevista del BPA, una alta rentabilidad por dividendo, cuyos productos o servicios tienen una gran demanda y cuya demanda se prev\u00e9 que aumente.  <\/p>\n\n\n\n<p>S\u00f3lo invertimos en valores negociados en mercados que muestran tendencias s\u00f3lidas. Analizando las tendencias del mercado mediante an\u00e1lisis fundamentales y t\u00e9cnicos, podemos predecir con gran certeza en qu\u00e9 direcci\u00f3n se mover\u00e1 probablemente un mercado, lo que nos permite ajustar nuestras operaciones con posiciones largas y cortas y obtener beneficios tanto en mercados alcistas como bajistas.<\/p>\n\n\n\n<p>Como holding de inversiones, buscamos empresas que puedan ser candidatas a adquisiciones, como empresas familiares o divisiones de empresas m\u00e1s grandes, para adquirirlas y a\u00f1adirlas a nuestra cartera de participaciones. Normalmente buscamos empresas en funcionamiento que tengan buenas previsiones de crecimiento, productos o servicios con una demanda creciente, valores no realizados y cuyas acciones est\u00e9n infravaloradas y coticen por debajo de su valor contable.<\/p>\n\n\n\n<p>  Predominantemente, pero no exclusivamente, invertimos para adquirir una participaci\u00f3n de control del 50% o m\u00e1s de las acciones de dichas empresas. Reestructuramos estas empresas de cartera adquiridas para aumentar su rentabilidad, a\u00f1adiendo as\u00ed valor a la cartera global de inversiones.<\/p>\n\n\n\n<p>El rendimiento de la inversi\u00f3n (ROI) en cualquiera de las carteras de Bonthe de Leone depende directamente del valor y los rendimientos de los activos que componen la cartera. Los ingresos generados por las inversiones de nuestra cartera se abonan en forma de pagos de intereses, dividendos en efectivo y plusval\u00edas cuando desinvertimos y vendemos alguna de nuestras participaciones.<\/p>\n\n\n<div class=\"custom-centered-logo wp-block-site-logo\"><a href=\"https:\/\/bonthedeleone.com\/es\/\" class=\"custom-logo-link\" rel=\"home\"><img loading=\"lazy\" decoding=\"async\" width=\"600\" height=\"596\" src=\"https:\/\/bonthedeleone.com\/wp-content\/uploads\/2025\/01\/logo2.png\" class=\"custom-logo\" alt=\"Bonthe de Leone\" srcset=\"https:\/\/bonthedeleone.com\/wp-content\/uploads\/2025\/01\/logo2.png 311w, https:\/\/bonthedeleone.com\/wp-content\/uploads\/2025\/01\/logo2-300x298.png 300w, https:\/\/bonthedeleone.com\/wp-content\/uploads\/2025\/01\/logo2-150x150.png 150w\" sizes=\"auto, (max-width: 600px) 100vw, 600px\" \/><\/a><\/div>","protected":false},"excerpt":{"rendered":"<p>Qui\u00e9nes somos Bonthe de Leone es un holding de inversiones. Las principales actividades de la empresa son las inversiones y adquisiciones de participaciones en acciones de empresas operativas. Una empresa en funcionamiento es una empresa que produce bienes o presta servicios. En Bonthe de Leone invertimos en empresas que operan [&hellip;]<\/p>\n","protected":false},"author":1,"featured_media":3195,"parent":0,"menu_order":0,"comment_status":"closed","ping_status":"closed","template":"","meta":{"footnotes":""},"class_list":["post-3193","page","type-page","status-publish","has-post-thumbnail","hentry"],"yoast_head":"<!-- This site is optimized with the Yoast SEO plugin v27.6 - https:\/\/yoast.com\/product\/yoast-seo-wordpress\/ -->\n<title>Inicio - Bonthe de Leone<\/title>\n<meta name=\"description\" content=\"Bonthe de Leone es un holding de inversiones.\" \/>\n<meta name=\"robots\" content=\"index, follow, max-snippet:-1, max-image-preview:large, max-video-preview:-1\" \/>\n<link rel=\"canonical\" href=\"https:\/\/bonthedeleone.com\/es\/\" \/>\n<meta property=\"og:locale\" content=\"es_ES\" \/>\n<meta property=\"og:type\" content=\"article\" \/>\n<meta property=\"og:title\" content=\"Inicio - Bonthe de Leone\" \/>\n<meta property=\"og:description\" content=\"Bonthe de Leone es un holding de inversiones.\" \/>\n<meta property=\"og:url\" content=\"https:\/\/bonthedeleone.com\/es\/\" \/>\n<meta property=\"og:site_name\" content=\"Bonthe de Leone\" \/>\n<meta property=\"article:modified_time\" content=\"2023-12-17T17:48:26+00:00\" \/>\n<meta property=\"og:image\" content=\"https:\/\/bonthedeleone.com\/wp-content\/uploads\/2022\/02\/cropped-lions_in_blue-3.png\" \/>\n\t<meta property=\"og:image:width\" content=\"1434\" \/>\n\t<meta property=\"og:image:height\" content=\"1130\" \/>\n\t<meta property=\"og:image:type\" content=\"image\/png\" \/>\n<meta name=\"twitter:card\" content=\"summary_large_image\" \/>\n<meta name=\"twitter:label1\" content=\"Tiempo de lectura\" \/>\n\t<meta name=\"twitter:data1\" content=\"2 minutos\" \/>\n<script type=\"application\/ld+json\" class=\"yoast-schema-graph\">{\"@context\":\"https:\\\/\\\/schema.org\",\"@graph\":[{\"@type\":\"WebPage\",\"@id\":\"https:\\\/\\\/bonthedeleone.com\\\/es\\\/\",\"url\":\"https:\\\/\\\/bonthedeleone.com\\\/es\\\/\",\"name\":\"Inicio - Bonthe de Leone\",\"isPartOf\":{\"@id\":\"https:\\\/\\\/bonthedeleone.com\\\/es\\\/#website\"},\"primaryImageOfPage\":{\"@id\":\"https:\\\/\\\/bonthedeleone.com\\\/es\\\/#primaryimage\"},\"image\":{\"@id\":\"https:\\\/\\\/bonthedeleone.com\\\/es\\\/#primaryimage\"},\"thumbnailUrl\":\"https:\\\/\\\/bonthedeleone.com\\\/wp-content\\\/uploads\\\/2022\\\/02\\\/cropped-lions_in_blue-3.png\",\"datePublished\":\"2022-02-07T20:19:39+00:00\",\"dateModified\":\"2023-12-17T17:48:26+00:00\",\"description\":\"Bonthe de Leone es un holding de inversiones.\",\"breadcrumb\":{\"@id\":\"https:\\\/\\\/bonthedeleone.com\\\/es\\\/#breadcrumb\"},\"inLanguage\":\"es\",\"potentialAction\":[{\"@type\":\"ReadAction\",\"target\":[\"https:\\\/\\\/bonthedeleone.com\\\/es\\\/\"]}]},{\"@type\":\"ImageObject\",\"inLanguage\":\"es\",\"@id\":\"https:\\\/\\\/bonthedeleone.com\\\/es\\\/#primaryimage\",\"url\":\"https:\\\/\\\/bonthedeleone.com\\\/wp-content\\\/uploads\\\/2022\\\/02\\\/cropped-lions_in_blue-3.png\",\"contentUrl\":\"https:\\\/\\\/bonthedeleone.com\\\/wp-content\\\/uploads\\\/2022\\\/02\\\/cropped-lions_in_blue-3.png\",\"width\":1434,\"height\":1130},{\"@type\":\"BreadcrumbList\",\"@id\":\"https:\\\/\\\/bonthedeleone.com\\\/es\\\/#breadcrumb\",\"itemListElement\":[{\"@type\":\"ListItem\",\"position\":1,\"name\":\"Home\",\"item\":\"https:\\\/\\\/bonthedeleone.com\\\/es\\\/\"},{\"@type\":\"ListItem\",\"position\":2,\"name\":\"Inicio\"}]},{\"@type\":\"WebSite\",\"@id\":\"https:\\\/\\\/bonthedeleone.com\\\/es\\\/#website\",\"url\":\"https:\\\/\\\/bonthedeleone.com\\\/es\\\/\",\"name\":\"Bonthe de Leone\",\"description\":\"An investment holding company\",\"publisher\":{\"@id\":\"https:\\\/\\\/bonthedeleone.com\\\/es\\\/#organization\"},\"potentialAction\":[{\"@type\":\"SearchAction\",\"target\":{\"@type\":\"EntryPoint\",\"urlTemplate\":\"https:\\\/\\\/bonthedeleone.com\\\/es\\\/?s={search_term_string}\"},\"query-input\":{\"@type\":\"PropertyValueSpecification\",\"valueRequired\":true,\"valueName\":\"search_term_string\"}}],\"inLanguage\":\"es\"},{\"@type\":\"Organization\",\"@id\":\"https:\\\/\\\/bonthedeleone.com\\\/es\\\/#organization\",\"name\":\"Bonthe de Leone Capital\",\"url\":\"https:\\\/\\\/bonthedeleone.com\\\/es\\\/\",\"logo\":{\"@type\":\"ImageObject\",\"inLanguage\":\"es\",\"@id\":\"https:\\\/\\\/bonthedeleone.com\\\/es\\\/#\\\/schema\\\/logo\\\/image\\\/\",\"url\":\"https:\\\/\\\/bonthedeleone.com\\\/wp-content\\\/uploads\\\/2022\\\/02\\\/cropped-cropped-lions_in_white-4.png\",\"contentUrl\":\"https:\\\/\\\/bonthedeleone.com\\\/wp-content\\\/uploads\\\/2022\\\/02\\\/cropped-cropped-lions_in_white-4.png\",\"width\":1269,\"height\":1025,\"caption\":\"Bonthe de Leone Capital\"},\"image\":{\"@id\":\"https:\\\/\\\/bonthedeleone.com\\\/es\\\/#\\\/schema\\\/logo\\\/image\\\/\"}}]}<\/script>\n<!-- \/ Yoast SEO plugin. -->","yoast_head_json":{"title":"Inicio - Bonthe de Leone","description":"Bonthe de Leone es un holding de inversiones.","robots":{"index":"index","follow":"follow","max-snippet":"max-snippet:-1","max-image-preview":"max-image-preview:large","max-video-preview":"max-video-preview:-1"},"canonical":"https:\/\/bonthedeleone.com\/es\/","og_locale":"es_ES","og_type":"article","og_title":"Inicio - Bonthe de Leone","og_description":"Bonthe de Leone es un holding de inversiones.","og_url":"https:\/\/bonthedeleone.com\/es\/","og_site_name":"Bonthe de Leone","article_modified_time":"2023-12-17T17:48:26+00:00","og_image":[{"width":1434,"height":1130,"url":"https:\/\/bonthedeleone.com\/wp-content\/uploads\/2022\/02\/cropped-lions_in_blue-3.png","type":"image\/png"}],"twitter_card":"summary_large_image","twitter_misc":{"Tiempo de lectura":"2 minutos"},"schema":{"@context":"https:\/\/schema.org","@graph":[{"@type":"WebPage","@id":"https:\/\/bonthedeleone.com\/es\/","url":"https:\/\/bonthedeleone.com\/es\/","name":"Inicio - Bonthe de Leone","isPartOf":{"@id":"https:\/\/bonthedeleone.com\/es\/#website"},"primaryImageOfPage":{"@id":"https:\/\/bonthedeleone.com\/es\/#primaryimage"},"image":{"@id":"https:\/\/bonthedeleone.com\/es\/#primaryimage"},"thumbnailUrl":"https:\/\/bonthedeleone.com\/wp-content\/uploads\/2022\/02\/cropped-lions_in_blue-3.png","datePublished":"2022-02-07T20:19:39+00:00","dateModified":"2023-12-17T17:48:26+00:00","description":"Bonthe de Leone es un holding de inversiones.","breadcrumb":{"@id":"https:\/\/bonthedeleone.com\/es\/#breadcrumb"},"inLanguage":"es","potentialAction":[{"@type":"ReadAction","target":["https:\/\/bonthedeleone.com\/es\/"]}]},{"@type":"ImageObject","inLanguage":"es","@id":"https:\/\/bonthedeleone.com\/es\/#primaryimage","url":"https:\/\/bonthedeleone.com\/wp-content\/uploads\/2022\/02\/cropped-lions_in_blue-3.png","contentUrl":"https:\/\/bonthedeleone.com\/wp-content\/uploads\/2022\/02\/cropped-lions_in_blue-3.png","width":1434,"height":1130},{"@type":"BreadcrumbList","@id":"https:\/\/bonthedeleone.com\/es\/#breadcrumb","itemListElement":[{"@type":"ListItem","position":1,"name":"Home","item":"https:\/\/bonthedeleone.com\/es\/"},{"@type":"ListItem","position":2,"name":"Inicio"}]},{"@type":"WebSite","@id":"https:\/\/bonthedeleone.com\/es\/#website","url":"https:\/\/bonthedeleone.com\/es\/","name":"Bonthe de Leone","description":"An investment holding company","publisher":{"@id":"https:\/\/bonthedeleone.com\/es\/#organization"},"potentialAction":[{"@type":"SearchAction","target":{"@type":"EntryPoint","urlTemplate":"https:\/\/bonthedeleone.com\/es\/?s={search_term_string}"},"query-input":{"@type":"PropertyValueSpecification","valueRequired":true,"valueName":"search_term_string"}}],"inLanguage":"es"},{"@type":"Organization","@id":"https:\/\/bonthedeleone.com\/es\/#organization","name":"Bonthe de Leone Capital","url":"https:\/\/bonthedeleone.com\/es\/","logo":{"@type":"ImageObject","inLanguage":"es","@id":"https:\/\/bonthedeleone.com\/es\/#\/schema\/logo\/image\/","url":"https:\/\/bonthedeleone.com\/wp-content\/uploads\/2022\/02\/cropped-cropped-lions_in_white-4.png","contentUrl":"https:\/\/bonthedeleone.com\/wp-content\/uploads\/2022\/02\/cropped-cropped-lions_in_white-4.png","width":1269,"height":1025,"caption":"Bonthe de Leone Capital"},"image":{"@id":"https:\/\/bonthedeleone.com\/es\/#\/schema\/logo\/image\/"}}]}},"_links":{"self":[{"href":"https:\/\/bonthedeleone.com\/es\/wp-json\/wp\/v2\/pages\/3193","targetHints":{"allow":["GET"]}}],"collection":[{"href":"https:\/\/bonthedeleone.com\/es\/wp-json\/wp\/v2\/pages"}],"about":[{"href":"https:\/\/bonthedeleone.com\/es\/wp-json\/wp\/v2\/types\/page"}],"author":[{"embeddable":true,"href":"https:\/\/bonthedeleone.com\/es\/wp-json\/wp\/v2\/users\/1"}],"replies":[{"embeddable":true,"href":"https:\/\/bonthedeleone.com\/es\/wp-json\/wp\/v2\/comments?post=3193"}],"version-history":[{"count":1,"href":"https:\/\/bonthedeleone.com\/es\/wp-json\/wp\/v2\/pages\/3193\/revisions"}],"predecessor-version":[{"id":3246,"href":"https:\/\/bonthedeleone.com\/es\/wp-json\/wp\/v2\/pages\/3193\/revisions\/3246"}],"wp:featuredmedia":[{"embeddable":true,"href":"https:\/\/bonthedeleone.com\/es\/wp-json\/wp\/v2\/media\/3195"}],"wp:attachment":[{"href":"https:\/\/bonthedeleone.com\/es\/wp-json\/wp\/v2\/media?parent=3193"}],"curies":[{"name":"wp","href":"https:\/\/api.w.org\/{rel}","templated":true}]}}