{"id":3135,"date":"2022-05-16T16:51:25","date_gmt":"2022-05-16T16:51:25","guid":{"rendered":"https:\/\/bonthedeleone.com\/programa-de-caridad-bonthe-de-leone\/"},"modified":"2025-01-04T19:48:24","modified_gmt":"2025-01-04T19:48:24","slug":"programa-de-caridad-bonthe-de-leone","status":"publish","type":"page","link":"https:\/\/bonthedeleone.com\/es\/programa-de-caridad-bonthe-de-leone\/","title":{"rendered":"Programa de caridad Bonthe de Leone"},"content":{"rendered":"<div class=\"custom-centered-logo wp-block-site-logo\"><a href=\"https:\/\/bonthedeleone.com\/es\/\" class=\"custom-logo-link\" rel=\"home\"><img loading=\"lazy\" decoding=\"async\" width=\"600\" height=\"596\" src=\"https:\/\/bonthedeleone.com\/wp-content\/uploads\/2025\/01\/logo2.png\" class=\"custom-logo\" alt=\"Bonthe de Leone\" srcset=\"https:\/\/bonthedeleone.com\/wp-content\/uploads\/2025\/01\/logo2.png 311w, https:\/\/bonthedeleone.com\/wp-content\/uploads\/2025\/01\/logo2-300x298.png 300w, https:\/\/bonthedeleone.com\/wp-content\/uploads\/2025\/01\/logo2-150x150.png 150w\" sizes=\"auto, (max-width: 600px) 100vw, 600px\" \/><\/a><\/div>","protected":false},"excerpt":{"rendered":"","protected":false},"author":1,"featured_media":0,"parent":0,"menu_order":0,"comment_status":"closed","ping_status":"closed","template":"","meta":{"footnotes":""},"class_list":["post-3135","page","type-page","status-publish","hentry"],"yoast_head":"<!-- This site is optimized with the Yoast SEO plugin v27.4 - https:\/\/yoast.com\/product\/yoast-seo-wordpress\/ -->\n<title>Programa de caridad Bonthe de Leone - Bonthe de Leone<\/title>\n<meta name=\"description\" content=\"Nos enorgullece anunciar que patrocinaremos un concierto ucraniano de recaudaci\u00f3n de fondos con renombradas estrellas mundiales de la m\u00fasica cl\u00e1sica\" \/>\n<meta name=\"robots\" content=\"index, follow, max-snippet:-1, max-image-preview:large, max-video-preview:-1\" \/>\n<link rel=\"canonical\" href=\"https:\/\/bonthedeleone.com\/es\/programa-de-caridad-bonthe-de-leone\/\" \/>\n<meta property=\"og:locale\" content=\"es_ES\" \/>\n<meta property=\"og:type\" content=\"article\" \/>\n<meta property=\"og:title\" content=\"Programa de caridad Bonthe de Leone - Bonthe de Leone\" \/>\n<meta property=\"og:description\" content=\"Nos enorgullece anunciar que patrocinaremos un concierto ucraniano de recaudaci\u00f3n de fondos con renombradas estrellas mundiales de la m\u00fasica cl\u00e1sica\" \/>\n<meta property=\"og:url\" content=\"https:\/\/bonthedeleone.com\/es\/programa-de-caridad-bonthe-de-leone\/\" \/>\n<meta property=\"og:site_name\" content=\"Bonthe de Leone\" \/>\n<meta property=\"article:modified_time\" content=\"2025-01-04T19:48:24+00:00\" \/>\n<meta name=\"twitter:card\" content=\"summary_large_image\" \/>\n<script type=\"application\/ld+json\" class=\"yoast-schema-graph\">{\"@context\":\"https:\\\/\\\/schema.org\",\"@graph\":[{\"@type\":\"WebPage\",\"@id\":\"https:\\\/\\\/bonthedeleone.com\\\/es\\\/programa-de-caridad-bonthe-de-leone\\\/\",\"url\":\"https:\\\/\\\/bonthedeleone.com\\\/es\\\/programa-de-caridad-bonthe-de-leone\\\/\",\"name\":\"Programa de caridad Bonthe de Leone - Bonthe de Leone\",\"isPartOf\":{\"@id\":\"https:\\\/\\\/bonthedeleone.com\\\/es\\\/#website\"},\"datePublished\":\"2022-05-16T16:51:25+00:00\",\"dateModified\":\"2025-01-04T19:48:24+00:00\",\"description\":\"Nos enorgullece anunciar que patrocinaremos un concierto ucraniano de recaudaci\u00f3n de fondos con renombradas estrellas mundiales de la m\u00fasica cl\u00e1sica\",\"breadcrumb\":{\"@id\":\"https:\\\/\\\/bonthedeleone.com\\\/es\\\/programa-de-caridad-bonthe-de-leone\\\/#breadcrumb\"},\"inLanguage\":\"es\",\"potentialAction\":[{\"@type\":\"ReadAction\",\"target\":[\"https:\\\/\\\/bonthedeleone.com\\\/es\\\/programa-de-caridad-bonthe-de-leone\\\/\"]}]},{\"@type\":\"BreadcrumbList\",\"@id\":\"https:\\\/\\\/bonthedeleone.com\\\/es\\\/programa-de-caridad-bonthe-de-leone\\\/#breadcrumb\",\"itemListElement\":[{\"@type\":\"ListItem\",\"position\":1,\"name\":\"Home\",\"item\":\"https:\\\/\\\/bonthedeleone.com\\\/es\\\/\"},{\"@type\":\"ListItem\",\"position\":2,\"name\":\"Programa de caridad Bonthe de Leone\"}]},{\"@type\":\"WebSite\",\"@id\":\"https:\\\/\\\/bonthedeleone.com\\\/es\\\/#website\",\"url\":\"https:\\\/\\\/bonthedeleone.com\\\/es\\\/\",\"name\":\"Bonthe de Leone\",\"description\":\"An investment holding company\",\"publisher\":{\"@id\":\"https:\\\/\\\/bonthedeleone.com\\\/es\\\/#organization\"},\"potentialAction\":[{\"@type\":\"SearchAction\",\"target\":{\"@type\":\"EntryPoint\",\"urlTemplate\":\"https:\\\/\\\/bonthedeleone.com\\\/es\\\/?s={search_term_string}\"},\"query-input\":{\"@type\":\"PropertyValueSpecification\",\"valueRequired\":true,\"valueName\":\"search_term_string\"}}],\"inLanguage\":\"es\"},{\"@type\":\"Organization\",\"@id\":\"https:\\\/\\\/bonthedeleone.com\\\/es\\\/#organization\",\"name\":\"Bonthe de Leone Capital\",\"url\":\"https:\\\/\\\/bonthedeleone.com\\\/es\\\/\",\"logo\":{\"@type\":\"ImageObject\",\"inLanguage\":\"es\",\"@id\":\"https:\\\/\\\/bonthedeleone.com\\\/es\\\/#\\\/schema\\\/logo\\\/image\\\/\",\"url\":\"https:\\\/\\\/bonthedeleone.com\\\/wp-content\\\/uploads\\\/2022\\\/02\\\/cropped-cropped-lions_in_white-4.png\",\"contentUrl\":\"https:\\\/\\\/bonthedeleone.com\\\/wp-content\\\/uploads\\\/2022\\\/02\\\/cropped-cropped-lions_in_white-4.png\",\"width\":1269,\"height\":1025,\"caption\":\"Bonthe de Leone Capital\"},\"image\":{\"@id\":\"https:\\\/\\\/bonthedeleone.com\\\/es\\\/#\\\/schema\\\/logo\\\/image\\\/\"}}]}<\/script>\n<!-- \/ Yoast SEO plugin. -->","yoast_head_json":{"title":"Programa de caridad Bonthe de Leone - Bonthe de Leone","description":"Nos enorgullece anunciar que patrocinaremos un concierto ucraniano de recaudaci\u00f3n de fondos con renombradas estrellas mundiales de la m\u00fasica cl\u00e1sica","robots":{"index":"index","follow":"follow","max-snippet":"max-snippet:-1","max-image-preview":"max-image-preview:large","max-video-preview":"max-video-preview:-1"},"canonical":"https:\/\/bonthedeleone.com\/es\/programa-de-caridad-bonthe-de-leone\/","og_locale":"es_ES","og_type":"article","og_title":"Programa de caridad Bonthe de Leone - Bonthe de Leone","og_description":"Nos enorgullece anunciar que patrocinaremos un concierto ucraniano de recaudaci\u00f3n de fondos con renombradas estrellas mundiales de la m\u00fasica cl\u00e1sica","og_url":"https:\/\/bonthedeleone.com\/es\/programa-de-caridad-bonthe-de-leone\/","og_site_name":"Bonthe de Leone","article_modified_time":"2025-01-04T19:48:24+00:00","twitter_card":"summary_large_image","schema":{"@context":"https:\/\/schema.org","@graph":[{"@type":"WebPage","@id":"https:\/\/bonthedeleone.com\/es\/programa-de-caridad-bonthe-de-leone\/","url":"https:\/\/bonthedeleone.com\/es\/programa-de-caridad-bonthe-de-leone\/","name":"Programa de caridad Bonthe de Leone - Bonthe de Leone","isPartOf":{"@id":"https:\/\/bonthedeleone.com\/es\/#website"},"datePublished":"2022-05-16T16:51:25+00:00","dateModified":"2025-01-04T19:48:24+00:00","description":"Nos enorgullece anunciar que patrocinaremos un concierto ucraniano de recaudaci\u00f3n de fondos con renombradas estrellas mundiales de la m\u00fasica cl\u00e1sica","breadcrumb":{"@id":"https:\/\/bonthedeleone.com\/es\/programa-de-caridad-bonthe-de-leone\/#breadcrumb"},"inLanguage":"es","potentialAction":[{"@type":"ReadAction","target":["https:\/\/bonthedeleone.com\/es\/programa-de-caridad-bonthe-de-leone\/"]}]},{"@type":"BreadcrumbList","@id":"https:\/\/bonthedeleone.com\/es\/programa-de-caridad-bonthe-de-leone\/#breadcrumb","itemListElement":[{"@type":"ListItem","position":1,"name":"Home","item":"https:\/\/bonthedeleone.com\/es\/"},{"@type":"ListItem","position":2,"name":"Programa de caridad Bonthe de Leone"}]},{"@type":"WebSite","@id":"https:\/\/bonthedeleone.com\/es\/#website","url":"https:\/\/bonthedeleone.com\/es\/","name":"Bonthe de Leone","description":"An investment holding company","publisher":{"@id":"https:\/\/bonthedeleone.com\/es\/#organization"},"potentialAction":[{"@type":"SearchAction","target":{"@type":"EntryPoint","urlTemplate":"https:\/\/bonthedeleone.com\/es\/?s={search_term_string}"},"query-input":{"@type":"PropertyValueSpecification","valueRequired":true,"valueName":"search_term_string"}}],"inLanguage":"es"},{"@type":"Organization","@id":"https:\/\/bonthedeleone.com\/es\/#organization","name":"Bonthe de Leone Capital","url":"https:\/\/bonthedeleone.com\/es\/","logo":{"@type":"ImageObject","inLanguage":"es","@id":"https:\/\/bonthedeleone.com\/es\/#\/schema\/logo\/image\/","url":"https:\/\/bonthedeleone.com\/wp-content\/uploads\/2022\/02\/cropped-cropped-lions_in_white-4.png","contentUrl":"https:\/\/bonthedeleone.com\/wp-content\/uploads\/2022\/02\/cropped-cropped-lions_in_white-4.png","width":1269,"height":1025,"caption":"Bonthe de Leone Capital"},"image":{"@id":"https:\/\/bonthedeleone.com\/es\/#\/schema\/logo\/image\/"}}]}},"_links":{"self":[{"href":"https:\/\/bonthedeleone.com\/es\/wp-json\/wp\/v2\/pages\/3135","targetHints":{"allow":["GET"]}}],"collection":[{"href":"https:\/\/bonthedeleone.com\/es\/wp-json\/wp\/v2\/pages"}],"about":[{"href":"https:\/\/bonthedeleone.com\/es\/wp-json\/wp\/v2\/types\/page"}],"author":[{"embeddable":true,"href":"https:\/\/bonthedeleone.com\/es\/wp-json\/wp\/v2\/users\/1"}],"replies":[{"embeddable":true,"href":"https:\/\/bonthedeleone.com\/es\/wp-json\/wp\/v2\/comments?post=3135"}],"version-history":[{"count":2,"href":"https:\/\/bonthedeleone.com\/es\/wp-json\/wp\/v2\/pages\/3135\/revisions"}],"predecessor-version":[{"id":3730,"href":"https:\/\/bonthedeleone.com\/es\/wp-json\/wp\/v2\/pages\/3135\/revisions\/3730"}],"wp:attachment":[{"href":"https:\/\/bonthedeleone.com\/es\/wp-json\/wp\/v2\/media?parent=3135"}],"curies":[{"name":"wp","href":"https:\/\/api.w.org\/{rel}","templated":true}]}}