{"id":3108,"date":"2022-02-14T22:31:09","date_gmt":"2022-02-14T22:31:09","guid":{"rendered":"https:\/\/bonthedeleone.com\/inversores\/"},"modified":"2025-04-03T08:08:40","modified_gmt":"2025-04-03T08:08:40","slug":"inversores","status":"publish","type":"page","link":"https:\/\/bonthedeleone.com\/es\/inversores\/","title":{"rendered":"Inversores"},"content":{"rendered":"<div class=\"custom-centered-logo wp-block-site-logo\"><a href=\"https:\/\/bonthedeleone.com\/es\/\" class=\"custom-logo-link\" rel=\"home\"><img loading=\"lazy\" decoding=\"async\" width=\"600\" height=\"596\" src=\"https:\/\/bonthedeleone.com\/wp-content\/uploads\/2025\/01\/logo2.png\" class=\"custom-logo\" alt=\"Bonthe de Leone\" srcset=\"https:\/\/bonthedeleone.com\/wp-content\/uploads\/2025\/01\/logo2.png 311w, https:\/\/bonthedeleone.com\/wp-content\/uploads\/2025\/01\/logo2-300x298.png 300w, https:\/\/bonthedeleone.com\/wp-content\/uploads\/2025\/01\/logo2-150x150.png 150w\" sizes=\"auto, (max-width: 600px) 100vw, 600px\" \/><\/a><\/div>\n<p>Para disfrutar de un futuro financiero c\u00f3modo, invertir es esencial para la mayor\u00eda de las personas.<\/p>\n\n<p>Invertir puede proporcionarle otra fuente de ingresos, financiar su jubilaci\u00f3n y, sobre todo, hacer crecer su patrimonio, ayud\u00e1ndole a alcanzar sus objetivos financieros y aumentando su poder adquisitivo con el tiempo. Tal vez haya vendido recientemente su casa o haya ganado algo de dinero. Es una sabia decisi\u00f3n dejar que ese dinero trabaje para ti invirti\u00e9ndolo.<\/p>\n\n<p>Hay muchas formas de invertir: desde opciones muy seguras, como los certificados de dep\u00f3sito (CD) y las cuentas del mercado monetario, hasta opciones de riesgo medio, como los bonos de empresa, e incluso opciones de mayor riesgo, como los fondos indexados de acciones. Esto significa que puede encontrar inversiones que ofrezcan diversos rendimientos y se ajusten a su perfil de riesgo. Tambi\u00e9n significa que puede combinar inversiones para crear una cartera completa y diversificada, es decir, m\u00e1s segura.  <\/p>\n\n<p>Las estrategias de inversi\u00f3n de Bonthe de Leone son tanto a largo como a corto plazo, por lo que podemos ofrecerle soluciones de inversi\u00f3n personalizadas.<\/p>\n\n<p>Si desea invertir con nosotros, obtener m\u00e1s informaci\u00f3n o asesoramiento, ll\u00e1menos o env\u00edenos un correo electr\u00f3nico.<\/p>\n\n<p>Para acceder a nuestros an\u00e1lisis de mercados e inversiones, <a class=\".lrm-login\" href=\"#\">reg\u00edstrese e inicie sesi\u00f3n . <\/a><\/p>\n\n<p><\/p>\n","protected":false},"excerpt":{"rendered":"<p>Para disfrutar de un futuro financiero c\u00f3modo, invertir es esencial para la mayor\u00eda de las personas. Invertir puede proporcionarle otra fuente de ingresos, financiar su jubilaci\u00f3n y, sobre todo, hacer crecer su patrimonio, ayud\u00e1ndole a alcanzar sus objetivos financieros y aumentando su poder adquisitivo con el tiempo. Tal vez haya [&hellip;]<\/p>\n","protected":false},"author":1,"featured_media":0,"parent":0,"menu_order":0,"comment_status":"closed","ping_status":"closed","template":"","meta":{"footnotes":""},"class_list":["post-3108","page","type-page","status-publish","hentry"],"yoast_head":"<!-- This site is optimized with the Yoast SEO plugin v27.5 - https:\/\/yoast.com\/product\/yoast-seo-wordpress\/ -->\n<title>Inversores - Bonthe de Leone<\/title>\n<meta name=\"robots\" content=\"index, follow, max-snippet:-1, max-image-preview:large, max-video-preview:-1\" \/>\n<link rel=\"canonical\" href=\"https:\/\/bonthedeleone.com\/es\/inversores\/\" \/>\n<meta property=\"og:locale\" content=\"es_ES\" \/>\n<meta property=\"og:type\" content=\"article\" \/>\n<meta property=\"og:title\" content=\"Inversores - Bonthe de Leone\" \/>\n<meta property=\"og:description\" content=\"Para disfrutar de un futuro financiero c\u00f3modo, invertir es esencial para la mayor\u00eda de las personas. Invertir puede proporcionarle otra fuente de ingresos, financiar su jubilaci\u00f3n y, sobre todo, hacer crecer su patrimonio, ayud\u00e1ndole a alcanzar sus objetivos financieros y aumentando su poder adquisitivo con el tiempo. Tal vez haya [&hellip;]\" \/>\n<meta property=\"og:url\" content=\"https:\/\/bonthedeleone.com\/es\/inversores\/\" \/>\n<meta property=\"og:site_name\" content=\"Bonthe de Leone\" \/>\n<meta property=\"article:modified_time\" content=\"2025-04-03T08:08:40+00:00\" \/>\n<meta name=\"twitter:card\" content=\"summary_large_image\" \/>\n<meta name=\"twitter:label1\" content=\"Tiempo de lectura\" \/>\n\t<meta name=\"twitter:data1\" content=\"1 minuto\" \/>\n<script type=\"application\/ld+json\" class=\"yoast-schema-graph\">{\"@context\":\"https:\\\/\\\/schema.org\",\"@graph\":[{\"@type\":\"WebPage\",\"@id\":\"https:\\\/\\\/bonthedeleone.com\\\/es\\\/inversores\\\/\",\"url\":\"https:\\\/\\\/bonthedeleone.com\\\/es\\\/inversores\\\/\",\"name\":\"Inversores - Bonthe de Leone\",\"isPartOf\":{\"@id\":\"https:\\\/\\\/bonthedeleone.com\\\/es\\\/#website\"},\"datePublished\":\"2022-02-14T22:31:09+00:00\",\"dateModified\":\"2025-04-03T08:08:40+00:00\",\"breadcrumb\":{\"@id\":\"https:\\\/\\\/bonthedeleone.com\\\/es\\\/inversores\\\/#breadcrumb\"},\"inLanguage\":\"es\",\"potentialAction\":[{\"@type\":\"ReadAction\",\"target\":[\"https:\\\/\\\/bonthedeleone.com\\\/es\\\/inversores\\\/\"]}]},{\"@type\":\"BreadcrumbList\",\"@id\":\"https:\\\/\\\/bonthedeleone.com\\\/es\\\/inversores\\\/#breadcrumb\",\"itemListElement\":[{\"@type\":\"ListItem\",\"position\":1,\"name\":\"Home\",\"item\":\"https:\\\/\\\/bonthedeleone.com\\\/es\\\/\"},{\"@type\":\"ListItem\",\"position\":2,\"name\":\"Inversores\"}]},{\"@type\":\"WebSite\",\"@id\":\"https:\\\/\\\/bonthedeleone.com\\\/es\\\/#website\",\"url\":\"https:\\\/\\\/bonthedeleone.com\\\/es\\\/\",\"name\":\"Bonthe de Leone\",\"description\":\"An investment holding company\",\"publisher\":{\"@id\":\"https:\\\/\\\/bonthedeleone.com\\\/es\\\/#organization\"},\"potentialAction\":[{\"@type\":\"SearchAction\",\"target\":{\"@type\":\"EntryPoint\",\"urlTemplate\":\"https:\\\/\\\/bonthedeleone.com\\\/es\\\/?s={search_term_string}\"},\"query-input\":{\"@type\":\"PropertyValueSpecification\",\"valueRequired\":true,\"valueName\":\"search_term_string\"}}],\"inLanguage\":\"es\"},{\"@type\":\"Organization\",\"@id\":\"https:\\\/\\\/bonthedeleone.com\\\/es\\\/#organization\",\"name\":\"Bonthe de Leone Capital\",\"url\":\"https:\\\/\\\/bonthedeleone.com\\\/es\\\/\",\"logo\":{\"@type\":\"ImageObject\",\"inLanguage\":\"es\",\"@id\":\"https:\\\/\\\/bonthedeleone.com\\\/es\\\/#\\\/schema\\\/logo\\\/image\\\/\",\"url\":\"https:\\\/\\\/bonthedeleone.com\\\/wp-content\\\/uploads\\\/2022\\\/02\\\/cropped-cropped-lions_in_white-4.png\",\"contentUrl\":\"https:\\\/\\\/bonthedeleone.com\\\/wp-content\\\/uploads\\\/2022\\\/02\\\/cropped-cropped-lions_in_white-4.png\",\"width\":1269,\"height\":1025,\"caption\":\"Bonthe de Leone Capital\"},\"image\":{\"@id\":\"https:\\\/\\\/bonthedeleone.com\\\/es\\\/#\\\/schema\\\/logo\\\/image\\\/\"}}]}<\/script>\n<!-- \/ Yoast SEO plugin. -->","yoast_head_json":{"title":"Inversores - Bonthe de Leone","robots":{"index":"index","follow":"follow","max-snippet":"max-snippet:-1","max-image-preview":"max-image-preview:large","max-video-preview":"max-video-preview:-1"},"canonical":"https:\/\/bonthedeleone.com\/es\/inversores\/","og_locale":"es_ES","og_type":"article","og_title":"Inversores - Bonthe de Leone","og_description":"Para disfrutar de un futuro financiero c\u00f3modo, invertir es esencial para la mayor\u00eda de las personas. Invertir puede proporcionarle otra fuente de ingresos, financiar su jubilaci\u00f3n y, sobre todo, hacer crecer su patrimonio, ayud\u00e1ndole a alcanzar sus objetivos financieros y aumentando su poder adquisitivo con el tiempo. Tal vez haya [&hellip;]","og_url":"https:\/\/bonthedeleone.com\/es\/inversores\/","og_site_name":"Bonthe de Leone","article_modified_time":"2025-04-03T08:08:40+00:00","twitter_card":"summary_large_image","twitter_misc":{"Tiempo de lectura":"1 minuto"},"schema":{"@context":"https:\/\/schema.org","@graph":[{"@type":"WebPage","@id":"https:\/\/bonthedeleone.com\/es\/inversores\/","url":"https:\/\/bonthedeleone.com\/es\/inversores\/","name":"Inversores - Bonthe de Leone","isPartOf":{"@id":"https:\/\/bonthedeleone.com\/es\/#website"},"datePublished":"2022-02-14T22:31:09+00:00","dateModified":"2025-04-03T08:08:40+00:00","breadcrumb":{"@id":"https:\/\/bonthedeleone.com\/es\/inversores\/#breadcrumb"},"inLanguage":"es","potentialAction":[{"@type":"ReadAction","target":["https:\/\/bonthedeleone.com\/es\/inversores\/"]}]},{"@type":"BreadcrumbList","@id":"https:\/\/bonthedeleone.com\/es\/inversores\/#breadcrumb","itemListElement":[{"@type":"ListItem","position":1,"name":"Home","item":"https:\/\/bonthedeleone.com\/es\/"},{"@type":"ListItem","position":2,"name":"Inversores"}]},{"@type":"WebSite","@id":"https:\/\/bonthedeleone.com\/es\/#website","url":"https:\/\/bonthedeleone.com\/es\/","name":"Bonthe de Leone","description":"An investment holding company","publisher":{"@id":"https:\/\/bonthedeleone.com\/es\/#organization"},"potentialAction":[{"@type":"SearchAction","target":{"@type":"EntryPoint","urlTemplate":"https:\/\/bonthedeleone.com\/es\/?s={search_term_string}"},"query-input":{"@type":"PropertyValueSpecification","valueRequired":true,"valueName":"search_term_string"}}],"inLanguage":"es"},{"@type":"Organization","@id":"https:\/\/bonthedeleone.com\/es\/#organization","name":"Bonthe de Leone Capital","url":"https:\/\/bonthedeleone.com\/es\/","logo":{"@type":"ImageObject","inLanguage":"es","@id":"https:\/\/bonthedeleone.com\/es\/#\/schema\/logo\/image\/","url":"https:\/\/bonthedeleone.com\/wp-content\/uploads\/2022\/02\/cropped-cropped-lions_in_white-4.png","contentUrl":"https:\/\/bonthedeleone.com\/wp-content\/uploads\/2022\/02\/cropped-cropped-lions_in_white-4.png","width":1269,"height":1025,"caption":"Bonthe de Leone Capital"},"image":{"@id":"https:\/\/bonthedeleone.com\/es\/#\/schema\/logo\/image\/"}}]}},"_links":{"self":[{"href":"https:\/\/bonthedeleone.com\/es\/wp-json\/wp\/v2\/pages\/3108","targetHints":{"allow":["GET"]}}],"collection":[{"href":"https:\/\/bonthedeleone.com\/es\/wp-json\/wp\/v2\/pages"}],"about":[{"href":"https:\/\/bonthedeleone.com\/es\/wp-json\/wp\/v2\/types\/page"}],"author":[{"embeddable":true,"href":"https:\/\/bonthedeleone.com\/es\/wp-json\/wp\/v2\/users\/1"}],"replies":[{"embeddable":true,"href":"https:\/\/bonthedeleone.com\/es\/wp-json\/wp\/v2\/comments?post=3108"}],"version-history":[{"count":3,"href":"https:\/\/bonthedeleone.com\/es\/wp-json\/wp\/v2\/pages\/3108\/revisions"}],"predecessor-version":[{"id":3872,"href":"https:\/\/bonthedeleone.com\/es\/wp-json\/wp\/v2\/pages\/3108\/revisions\/3872"}],"wp:attachment":[{"href":"https:\/\/bonthedeleone.com\/es\/wp-json\/wp\/v2\/media?parent=3108"}],"curies":[{"name":"wp","href":"https:\/\/api.w.org\/{rel}","templated":true}]}}