{"id":2640,"date":"2022-02-14T22:31:09","date_gmt":"2022-02-14T22:31:09","guid":{"rendered":"https:\/\/bonthedeleone.com\/investoren\/"},"modified":"2025-04-03T08:08:40","modified_gmt":"2025-04-03T08:08:40","slug":"investoren","status":"publish","type":"page","link":"https:\/\/bonthedeleone.com\/de\/investoren\/","title":{"rendered":"Investoren"},"content":{"rendered":"<div class=\"custom-centered-logo wp-block-site-logo\"><a href=\"https:\/\/bonthedeleone.com\/de\/\" class=\"custom-logo-link\" rel=\"home\"><img loading=\"lazy\" decoding=\"async\" width=\"600\" height=\"596\" src=\"https:\/\/bonthedeleone.com\/wp-content\/uploads\/2025\/01\/logo2.png\" class=\"custom-logo\" alt=\"Bonthe de Leone\" srcset=\"https:\/\/bonthedeleone.com\/wp-content\/uploads\/2025\/01\/logo2.png 311w, https:\/\/bonthedeleone.com\/wp-content\/uploads\/2025\/01\/logo2-300x298.png 300w, https:\/\/bonthedeleone.com\/wp-content\/uploads\/2025\/01\/logo2-150x150.png 150w\" sizes=\"auto, (max-width: 600px) 100vw, 600px\" \/><\/a><\/div>\n<p>Um eine komfortable finanzielle Zukunft genie\u00dfen zu k\u00f6nnen, ist das Investieren f\u00fcr die meisten Menschen unerl\u00e4sslich.<\/p>\n\n<p>Investieren kann Ihnen eine weitere Einkommensquelle bieten, Ihren Ruhestand finanzieren und vor allem Ihr Verm\u00f6gen steigern \u2013 es hilft Ihnen, Ihre finanziellen Ziele zu erreichen und Ihre Kaufkraft im Laufe der Zeit zu steigern. Vielleicht haben Sie k\u00fcrzlich Ihr Haus verkauft oder sind zu etwas Geld gekommen. Es ist eine kluge Entscheidung, dieses Geld f\u00fcr sich arbeiten zu lassen, indem man es investiert.<\/p>\n\n<p>Es gibt viele M\u00f6glichkeiten zu investieren \u2013 von sehr sicheren Optionen wie CDs (Einlagenzertifikate) und Geldmarktkonten bis hin zu Optionen mit mittlerem Risiko wie Unternehmensanleihen und sogar risikoreicheren Optionen wie Aktienindexfonds. Das bedeutet, dass Sie Anlagen finden k\u00f6nnen, die eine Vielzahl von Renditen bieten und zu Ihrem Risikoprofil passen. Es bedeutet auch, dass Sie Anlagen kombinieren k\u00f6nnen, um ein abgerundetes und diversifiziertes \u2013 d. h. sichereres \u2013 Portfolio zu erstellen. <\/p>\n\n<p>Die Anlagestrategien von Bonthe de Leone sind sowohl lang- als auch kurzfristig angelegt, so dass wir Ihnen als Anleger ma\u00dfgeschneiderte, boutique\u00e4hnliche Anlagel\u00f6sungen anbieten k\u00f6nnen.<\/p>\n\n<p>Um bei uns zu investieren, f\u00fcr weitere Informationen und Beratung rufen Sie uns an oder senden Sie uns eine E-Mail.<\/p>\n\n<p>Um auf unsere Markt- und Anlageanalysen zugreifen zu k\u00f6nnen, <a class=\".lrm-login\" href=\"#\">registrieren Sie sich bitte und melden Sie sich an<\/a>.<\/p>\n\n<p><\/p>\n","protected":false},"excerpt":{"rendered":"<p>Um eine komfortable finanzielle Zukunft genie\u00dfen zu k\u00f6nnen, ist das Investieren f\u00fcr die meisten Menschen unerl\u00e4sslich. Investieren kann Ihnen eine weitere Einkommensquelle bieten, Ihren Ruhestand finanzieren und vor allem Ihr Verm\u00f6gen steigern \u2013 es hilft Ihnen, Ihre finanziellen Ziele zu erreichen und Ihre Kaufkraft im Laufe der Zeit zu steigern. [&hellip;]<\/p>\n","protected":false},"author":1,"featured_media":0,"parent":0,"menu_order":0,"comment_status":"closed","ping_status":"closed","template":"","meta":{"footnotes":""},"class_list":["post-2640","page","type-page","status-publish","hentry"],"yoast_head":"<!-- This site is optimized with the Yoast SEO plugin v27.4 - https:\/\/yoast.com\/product\/yoast-seo-wordpress\/ -->\n<title>Investoren - Bonthe de Leone<\/title>\n<meta name=\"robots\" content=\"index, follow, max-snippet:-1, max-image-preview:large, max-video-preview:-1\" \/>\n<link rel=\"canonical\" href=\"https:\/\/bonthedeleone.com\/de\/investoren\/\" \/>\n<meta property=\"og:locale\" content=\"de_DE\" \/>\n<meta property=\"og:type\" content=\"article\" \/>\n<meta property=\"og:title\" content=\"Investoren - Bonthe de Leone\" \/>\n<meta property=\"og:description\" content=\"Um eine komfortable finanzielle Zukunft genie\u00dfen zu k\u00f6nnen, ist das Investieren f\u00fcr die meisten Menschen unerl\u00e4sslich. Investieren kann Ihnen eine weitere Einkommensquelle bieten, Ihren Ruhestand finanzieren und vor allem Ihr Verm\u00f6gen steigern \u2013 es hilft Ihnen, Ihre finanziellen Ziele zu erreichen und Ihre Kaufkraft im Laufe der Zeit zu steigern. [&hellip;]\" \/>\n<meta property=\"og:url\" content=\"https:\/\/bonthedeleone.com\/de\/investoren\/\" \/>\n<meta property=\"og:site_name\" content=\"Bonthe de Leone\" \/>\n<meta property=\"article:modified_time\" content=\"2025-04-03T08:08:40+00:00\" \/>\n<meta name=\"twitter:card\" content=\"summary_large_image\" \/>\n<meta name=\"twitter:label1\" content=\"Gesch\u00e4tzte Lesezeit\" \/>\n\t<meta name=\"twitter:data1\" content=\"1\u00a0Minute\" \/>\n<script type=\"application\/ld+json\" class=\"yoast-schema-graph\">{\"@context\":\"https:\\\/\\\/schema.org\",\"@graph\":[{\"@type\":\"WebPage\",\"@id\":\"https:\\\/\\\/bonthedeleone.com\\\/de\\\/investoren\\\/\",\"url\":\"https:\\\/\\\/bonthedeleone.com\\\/de\\\/investoren\\\/\",\"name\":\"Investoren - Bonthe de Leone\",\"isPartOf\":{\"@id\":\"https:\\\/\\\/bonthedeleone.com\\\/de\\\/#website\"},\"datePublished\":\"2022-02-14T22:31:09+00:00\",\"dateModified\":\"2025-04-03T08:08:40+00:00\",\"breadcrumb\":{\"@id\":\"https:\\\/\\\/bonthedeleone.com\\\/de\\\/investoren\\\/#breadcrumb\"},\"inLanguage\":\"de\",\"potentialAction\":[{\"@type\":\"ReadAction\",\"target\":[\"https:\\\/\\\/bonthedeleone.com\\\/de\\\/investoren\\\/\"]}]},{\"@type\":\"BreadcrumbList\",\"@id\":\"https:\\\/\\\/bonthedeleone.com\\\/de\\\/investoren\\\/#breadcrumb\",\"itemListElement\":[{\"@type\":\"ListItem\",\"position\":1,\"name\":\"Home\",\"item\":\"https:\\\/\\\/bonthedeleone.com\\\/de\\\/\"},{\"@type\":\"ListItem\",\"position\":2,\"name\":\"Investoren\"}]},{\"@type\":\"WebSite\",\"@id\":\"https:\\\/\\\/bonthedeleone.com\\\/de\\\/#website\",\"url\":\"https:\\\/\\\/bonthedeleone.com\\\/de\\\/\",\"name\":\"Bonthe de Leone\",\"description\":\"An investment holding company\",\"publisher\":{\"@id\":\"https:\\\/\\\/bonthedeleone.com\\\/de\\\/#organization\"},\"potentialAction\":[{\"@type\":\"SearchAction\",\"target\":{\"@type\":\"EntryPoint\",\"urlTemplate\":\"https:\\\/\\\/bonthedeleone.com\\\/de\\\/?s={search_term_string}\"},\"query-input\":{\"@type\":\"PropertyValueSpecification\",\"valueRequired\":true,\"valueName\":\"search_term_string\"}}],\"inLanguage\":\"de\"},{\"@type\":\"Organization\",\"@id\":\"https:\\\/\\\/bonthedeleone.com\\\/de\\\/#organization\",\"name\":\"Bonthe de Leone Capital\",\"url\":\"https:\\\/\\\/bonthedeleone.com\\\/de\\\/\",\"logo\":{\"@type\":\"ImageObject\",\"inLanguage\":\"de\",\"@id\":\"https:\\\/\\\/bonthedeleone.com\\\/de\\\/#\\\/schema\\\/logo\\\/image\\\/\",\"url\":\"https:\\\/\\\/bonthedeleone.com\\\/wp-content\\\/uploads\\\/2022\\\/02\\\/cropped-cropped-lions_in_white-4.png\",\"contentUrl\":\"https:\\\/\\\/bonthedeleone.com\\\/wp-content\\\/uploads\\\/2022\\\/02\\\/cropped-cropped-lions_in_white-4.png\",\"width\":1269,\"height\":1025,\"caption\":\"Bonthe de Leone Capital\"},\"image\":{\"@id\":\"https:\\\/\\\/bonthedeleone.com\\\/de\\\/#\\\/schema\\\/logo\\\/image\\\/\"}}]}<\/script>\n<!-- \/ Yoast SEO plugin. -->","yoast_head_json":{"title":"Investoren - Bonthe de Leone","robots":{"index":"index","follow":"follow","max-snippet":"max-snippet:-1","max-image-preview":"max-image-preview:large","max-video-preview":"max-video-preview:-1"},"canonical":"https:\/\/bonthedeleone.com\/de\/investoren\/","og_locale":"de_DE","og_type":"article","og_title":"Investoren - Bonthe de Leone","og_description":"Um eine komfortable finanzielle Zukunft genie\u00dfen zu k\u00f6nnen, ist das Investieren f\u00fcr die meisten Menschen unerl\u00e4sslich. Investieren kann Ihnen eine weitere Einkommensquelle bieten, Ihren Ruhestand finanzieren und vor allem Ihr Verm\u00f6gen steigern \u2013 es hilft Ihnen, Ihre finanziellen Ziele zu erreichen und Ihre Kaufkraft im Laufe der Zeit zu steigern. [&hellip;]","og_url":"https:\/\/bonthedeleone.com\/de\/investoren\/","og_site_name":"Bonthe de Leone","article_modified_time":"2025-04-03T08:08:40+00:00","twitter_card":"summary_large_image","twitter_misc":{"Gesch\u00e4tzte Lesezeit":"1\u00a0Minute"},"schema":{"@context":"https:\/\/schema.org","@graph":[{"@type":"WebPage","@id":"https:\/\/bonthedeleone.com\/de\/investoren\/","url":"https:\/\/bonthedeleone.com\/de\/investoren\/","name":"Investoren - Bonthe de Leone","isPartOf":{"@id":"https:\/\/bonthedeleone.com\/de\/#website"},"datePublished":"2022-02-14T22:31:09+00:00","dateModified":"2025-04-03T08:08:40+00:00","breadcrumb":{"@id":"https:\/\/bonthedeleone.com\/de\/investoren\/#breadcrumb"},"inLanguage":"de","potentialAction":[{"@type":"ReadAction","target":["https:\/\/bonthedeleone.com\/de\/investoren\/"]}]},{"@type":"BreadcrumbList","@id":"https:\/\/bonthedeleone.com\/de\/investoren\/#breadcrumb","itemListElement":[{"@type":"ListItem","position":1,"name":"Home","item":"https:\/\/bonthedeleone.com\/de\/"},{"@type":"ListItem","position":2,"name":"Investoren"}]},{"@type":"WebSite","@id":"https:\/\/bonthedeleone.com\/de\/#website","url":"https:\/\/bonthedeleone.com\/de\/","name":"Bonthe de Leone","description":"An investment holding company","publisher":{"@id":"https:\/\/bonthedeleone.com\/de\/#organization"},"potentialAction":[{"@type":"SearchAction","target":{"@type":"EntryPoint","urlTemplate":"https:\/\/bonthedeleone.com\/de\/?s={search_term_string}"},"query-input":{"@type":"PropertyValueSpecification","valueRequired":true,"valueName":"search_term_string"}}],"inLanguage":"de"},{"@type":"Organization","@id":"https:\/\/bonthedeleone.com\/de\/#organization","name":"Bonthe de Leone Capital","url":"https:\/\/bonthedeleone.com\/de\/","logo":{"@type":"ImageObject","inLanguage":"de","@id":"https:\/\/bonthedeleone.com\/de\/#\/schema\/logo\/image\/","url":"https:\/\/bonthedeleone.com\/wp-content\/uploads\/2022\/02\/cropped-cropped-lions_in_white-4.png","contentUrl":"https:\/\/bonthedeleone.com\/wp-content\/uploads\/2022\/02\/cropped-cropped-lions_in_white-4.png","width":1269,"height":1025,"caption":"Bonthe de Leone Capital"},"image":{"@id":"https:\/\/bonthedeleone.com\/de\/#\/schema\/logo\/image\/"}}]}},"_links":{"self":[{"href":"https:\/\/bonthedeleone.com\/de\/wp-json\/wp\/v2\/pages\/2640","targetHints":{"allow":["GET"]}}],"collection":[{"href":"https:\/\/bonthedeleone.com\/de\/wp-json\/wp\/v2\/pages"}],"about":[{"href":"https:\/\/bonthedeleone.com\/de\/wp-json\/wp\/v2\/types\/page"}],"author":[{"embeddable":true,"href":"https:\/\/bonthedeleone.com\/de\/wp-json\/wp\/v2\/users\/1"}],"replies":[{"embeddable":true,"href":"https:\/\/bonthedeleone.com\/de\/wp-json\/wp\/v2\/comments?post=2640"}],"version-history":[{"count":3,"href":"https:\/\/bonthedeleone.com\/de\/wp-json\/wp\/v2\/pages\/2640\/revisions"}],"predecessor-version":[{"id":3870,"href":"https:\/\/bonthedeleone.com\/de\/wp-json\/wp\/v2\/pages\/2640\/revisions\/3870"}],"wp:attachment":[{"href":"https:\/\/bonthedeleone.com\/de\/wp-json\/wp\/v2\/media?parent=2640"}],"curies":[{"name":"wp","href":"https:\/\/api.w.org\/{rel}","templated":true}]}}