{"id":2634,"date":"2022-02-10T22:42:26","date_gmt":"2022-02-10T22:42:26","guid":{"rendered":"https:\/\/bonthedeleone.com\/handelsprogramm\/"},"modified":"2022-07-11T13:30:22","modified_gmt":"2022-07-11T13:30:22","slug":"handelsprogramm","status":"publish","type":"page","link":"https:\/\/bonthedeleone.com\/de\/handelsprogramm\/","title":{"rendered":"Handelsprogramm"},"content":{"rendered":"<div class=\"custom-centered-logo wp-block-site-logo\"><a href=\"https:\/\/bonthedeleone.com\/de\/\" class=\"custom-logo-link\" rel=\"home\"><img loading=\"lazy\" decoding=\"async\" width=\"600\" height=\"596\" src=\"https:\/\/bonthedeleone.com\/wp-content\/uploads\/2025\/01\/logo2.png\" class=\"custom-logo\" alt=\"Bonthe de Leone\" srcset=\"https:\/\/bonthedeleone.com\/wp-content\/uploads\/2025\/01\/logo2.png 311w, https:\/\/bonthedeleone.com\/wp-content\/uploads\/2025\/01\/logo2-300x298.png 300w, https:\/\/bonthedeleone.com\/wp-content\/uploads\/2025\/01\/logo2-150x150.png 150w\" sizes=\"auto, (max-width: 600px) 100vw, 600px\" \/><\/a><\/div>\n<p>Unser Handelsprogramm umfasst Investitionen und Trades auf Kapitalm\u00e4rkten, Geldm\u00e4rkten und Derivatem\u00e4rkten.<\/p>\n\n<p>Unsere Kapitalmarktanlagen umfassen den Handel mit langfristigen Schuldtiteln und eigenkapitalbesicherten Wertpapieren wie Anleihen, Aktien, Rohstoffen und Devisen.<\/p>\n\n<p>Unsere Geldmarktanlagen umfassen den Handel mit kurzfristigen Wertpapieren wie Bankakzepten, Commercial Papers, Einlagenzertifikaten (CDs), Schatzwechseln (T-Bills) und kurzfristigen Anleihen mit einer Laufzeit von weniger als 1 Jahr.<\/p>\n\n<p>Unsere Investitionen in Derivatem\u00e4rkte umfassen den Handel mit Futures- und Optionskontrakten.<\/p>\n\n<p>F\u00fcr weitere Informationen zu unserem Handelsprogramm, wie Marktforschung, Analysen, Prognosen und Strategien, registrieren Sie sich bitte und <a class=\".lrm-login\" href=\"#\">melden Sie sich an<\/a>. <\/p>\n","protected":false},"excerpt":{"rendered":"<p>Unser Handelsprogramm umfasst Investitionen und Trades auf Kapitalm\u00e4rkten, Geldm\u00e4rkten und Derivatem\u00e4rkten. Unsere Kapitalmarktanlagen umfassen den Handel mit langfristigen Schuldtiteln und eigenkapitalbesicherten Wertpapieren wie Anleihen, Aktien, Rohstoffen und Devisen. Unsere Geldmarktanlagen umfassen den Handel mit kurzfristigen Wertpapieren wie Bankakzepten, Commercial Papers, Einlagenzertifikaten (CDs), Schatzwechseln (T-Bills) und kurzfristigen Anleihen mit einer Laufzeit [&hellip;]<\/p>\n","protected":false},"author":1,"featured_media":0,"parent":0,"menu_order":0,"comment_status":"closed","ping_status":"closed","template":"","meta":{"footnotes":""},"class_list":["post-2634","page","type-page","status-publish","hentry"],"yoast_head":"<!-- This site is optimized with the Yoast SEO plugin v27.5 - https:\/\/yoast.com\/product\/yoast-seo-wordpress\/ -->\n<title>Handelsprogramm - Bonthe de Leone<\/title>\n<meta name=\"robots\" content=\"index, follow, max-snippet:-1, max-image-preview:large, max-video-preview:-1\" \/>\n<link rel=\"canonical\" href=\"https:\/\/bonthedeleone.com\/de\/handelsprogramm\/\" \/>\n<meta property=\"og:locale\" content=\"de_DE\" \/>\n<meta property=\"og:type\" content=\"article\" \/>\n<meta property=\"og:title\" content=\"Handelsprogramm - Bonthe de Leone\" \/>\n<meta property=\"og:description\" content=\"Unser Handelsprogramm umfasst Investitionen und Trades auf Kapitalm\u00e4rkten, Geldm\u00e4rkten und Derivatem\u00e4rkten. Unsere Kapitalmarktanlagen umfassen den Handel mit langfristigen Schuldtiteln und eigenkapitalbesicherten Wertpapieren wie Anleihen, Aktien, Rohstoffen und Devisen. Unsere Geldmarktanlagen umfassen den Handel mit kurzfristigen Wertpapieren wie Bankakzepten, Commercial Papers, Einlagenzertifikaten (CDs), Schatzwechseln (T-Bills) und kurzfristigen Anleihen mit einer Laufzeit [&hellip;]\" \/>\n<meta property=\"og:url\" content=\"https:\/\/bonthedeleone.com\/de\/handelsprogramm\/\" \/>\n<meta property=\"og:site_name\" content=\"Bonthe de Leone\" \/>\n<meta property=\"article:modified_time\" content=\"2022-07-11T13:30:22+00:00\" \/>\n<meta name=\"twitter:card\" content=\"summary_large_image\" \/>\n<script type=\"application\/ld+json\" class=\"yoast-schema-graph\">{\"@context\":\"https:\\\/\\\/schema.org\",\"@graph\":[{\"@type\":\"WebPage\",\"@id\":\"https:\\\/\\\/bonthedeleone.com\\\/de\\\/handelsprogramm\\\/\",\"url\":\"https:\\\/\\\/bonthedeleone.com\\\/de\\\/handelsprogramm\\\/\",\"name\":\"Handelsprogramm - Bonthe de Leone\",\"isPartOf\":{\"@id\":\"https:\\\/\\\/bonthedeleone.com\\\/de\\\/#website\"},\"datePublished\":\"2022-02-10T22:42:26+00:00\",\"dateModified\":\"2022-07-11T13:30:22+00:00\",\"breadcrumb\":{\"@id\":\"https:\\\/\\\/bonthedeleone.com\\\/de\\\/handelsprogramm\\\/#breadcrumb\"},\"inLanguage\":\"de\",\"potentialAction\":[{\"@type\":\"ReadAction\",\"target\":[\"https:\\\/\\\/bonthedeleone.com\\\/de\\\/handelsprogramm\\\/\"]}]},{\"@type\":\"BreadcrumbList\",\"@id\":\"https:\\\/\\\/bonthedeleone.com\\\/de\\\/handelsprogramm\\\/#breadcrumb\",\"itemListElement\":[{\"@type\":\"ListItem\",\"position\":1,\"name\":\"Home\",\"item\":\"https:\\\/\\\/bonthedeleone.com\\\/de\\\/\"},{\"@type\":\"ListItem\",\"position\":2,\"name\":\"Handelsprogramm\"}]},{\"@type\":\"WebSite\",\"@id\":\"https:\\\/\\\/bonthedeleone.com\\\/de\\\/#website\",\"url\":\"https:\\\/\\\/bonthedeleone.com\\\/de\\\/\",\"name\":\"Bonthe de Leone\",\"description\":\"An investment holding company\",\"publisher\":{\"@id\":\"https:\\\/\\\/bonthedeleone.com\\\/de\\\/#organization\"},\"potentialAction\":[{\"@type\":\"SearchAction\",\"target\":{\"@type\":\"EntryPoint\",\"urlTemplate\":\"https:\\\/\\\/bonthedeleone.com\\\/de\\\/?s={search_term_string}\"},\"query-input\":{\"@type\":\"PropertyValueSpecification\",\"valueRequired\":true,\"valueName\":\"search_term_string\"}}],\"inLanguage\":\"de\"},{\"@type\":\"Organization\",\"@id\":\"https:\\\/\\\/bonthedeleone.com\\\/de\\\/#organization\",\"name\":\"Bonthe de Leone Capital\",\"url\":\"https:\\\/\\\/bonthedeleone.com\\\/de\\\/\",\"logo\":{\"@type\":\"ImageObject\",\"inLanguage\":\"de\",\"@id\":\"https:\\\/\\\/bonthedeleone.com\\\/de\\\/#\\\/schema\\\/logo\\\/image\\\/\",\"url\":\"https:\\\/\\\/bonthedeleone.com\\\/wp-content\\\/uploads\\\/2022\\\/02\\\/cropped-cropped-lions_in_white-4.png\",\"contentUrl\":\"https:\\\/\\\/bonthedeleone.com\\\/wp-content\\\/uploads\\\/2022\\\/02\\\/cropped-cropped-lions_in_white-4.png\",\"width\":1269,\"height\":1025,\"caption\":\"Bonthe de Leone Capital\"},\"image\":{\"@id\":\"https:\\\/\\\/bonthedeleone.com\\\/de\\\/#\\\/schema\\\/logo\\\/image\\\/\"}}]}<\/script>\n<!-- \/ Yoast SEO plugin. -->","yoast_head_json":{"title":"Handelsprogramm - Bonthe de Leone","robots":{"index":"index","follow":"follow","max-snippet":"max-snippet:-1","max-image-preview":"max-image-preview:large","max-video-preview":"max-video-preview:-1"},"canonical":"https:\/\/bonthedeleone.com\/de\/handelsprogramm\/","og_locale":"de_DE","og_type":"article","og_title":"Handelsprogramm - Bonthe de Leone","og_description":"Unser Handelsprogramm umfasst Investitionen und Trades auf Kapitalm\u00e4rkten, Geldm\u00e4rkten und Derivatem\u00e4rkten. Unsere Kapitalmarktanlagen umfassen den Handel mit langfristigen Schuldtiteln und eigenkapitalbesicherten Wertpapieren wie Anleihen, Aktien, Rohstoffen und Devisen. Unsere Geldmarktanlagen umfassen den Handel mit kurzfristigen Wertpapieren wie Bankakzepten, Commercial Papers, Einlagenzertifikaten (CDs), Schatzwechseln (T-Bills) und kurzfristigen Anleihen mit einer Laufzeit [&hellip;]","og_url":"https:\/\/bonthedeleone.com\/de\/handelsprogramm\/","og_site_name":"Bonthe de Leone","article_modified_time":"2022-07-11T13:30:22+00:00","twitter_card":"summary_large_image","schema":{"@context":"https:\/\/schema.org","@graph":[{"@type":"WebPage","@id":"https:\/\/bonthedeleone.com\/de\/handelsprogramm\/","url":"https:\/\/bonthedeleone.com\/de\/handelsprogramm\/","name":"Handelsprogramm - Bonthe de Leone","isPartOf":{"@id":"https:\/\/bonthedeleone.com\/de\/#website"},"datePublished":"2022-02-10T22:42:26+00:00","dateModified":"2022-07-11T13:30:22+00:00","breadcrumb":{"@id":"https:\/\/bonthedeleone.com\/de\/handelsprogramm\/#breadcrumb"},"inLanguage":"de","potentialAction":[{"@type":"ReadAction","target":["https:\/\/bonthedeleone.com\/de\/handelsprogramm\/"]}]},{"@type":"BreadcrumbList","@id":"https:\/\/bonthedeleone.com\/de\/handelsprogramm\/#breadcrumb","itemListElement":[{"@type":"ListItem","position":1,"name":"Home","item":"https:\/\/bonthedeleone.com\/de\/"},{"@type":"ListItem","position":2,"name":"Handelsprogramm"}]},{"@type":"WebSite","@id":"https:\/\/bonthedeleone.com\/de\/#website","url":"https:\/\/bonthedeleone.com\/de\/","name":"Bonthe de Leone","description":"An investment holding company","publisher":{"@id":"https:\/\/bonthedeleone.com\/de\/#organization"},"potentialAction":[{"@type":"SearchAction","target":{"@type":"EntryPoint","urlTemplate":"https:\/\/bonthedeleone.com\/de\/?s={search_term_string}"},"query-input":{"@type":"PropertyValueSpecification","valueRequired":true,"valueName":"search_term_string"}}],"inLanguage":"de"},{"@type":"Organization","@id":"https:\/\/bonthedeleone.com\/de\/#organization","name":"Bonthe de Leone Capital","url":"https:\/\/bonthedeleone.com\/de\/","logo":{"@type":"ImageObject","inLanguage":"de","@id":"https:\/\/bonthedeleone.com\/de\/#\/schema\/logo\/image\/","url":"https:\/\/bonthedeleone.com\/wp-content\/uploads\/2022\/02\/cropped-cropped-lions_in_white-4.png","contentUrl":"https:\/\/bonthedeleone.com\/wp-content\/uploads\/2022\/02\/cropped-cropped-lions_in_white-4.png","width":1269,"height":1025,"caption":"Bonthe de Leone Capital"},"image":{"@id":"https:\/\/bonthedeleone.com\/de\/#\/schema\/logo\/image\/"}}]}},"_links":{"self":[{"href":"https:\/\/bonthedeleone.com\/de\/wp-json\/wp\/v2\/pages\/2634","targetHints":{"allow":["GET"]}}],"collection":[{"href":"https:\/\/bonthedeleone.com\/de\/wp-json\/wp\/v2\/pages"}],"about":[{"href":"https:\/\/bonthedeleone.com\/de\/wp-json\/wp\/v2\/types\/page"}],"author":[{"embeddable":true,"href":"https:\/\/bonthedeleone.com\/de\/wp-json\/wp\/v2\/users\/1"}],"replies":[{"embeddable":true,"href":"https:\/\/bonthedeleone.com\/de\/wp-json\/wp\/v2\/comments?post=2634"}],"version-history":[{"count":1,"href":"https:\/\/bonthedeleone.com\/de\/wp-json\/wp\/v2\/pages\/2634\/revisions"}],"predecessor-version":[{"id":2635,"href":"https:\/\/bonthedeleone.com\/de\/wp-json\/wp\/v2\/pages\/2634\/revisions\/2635"}],"wp:attachment":[{"href":"https:\/\/bonthedeleone.com\/de\/wp-json\/wp\/v2\/media?parent=2634"}],"curies":[{"name":"wp","href":"https:\/\/api.w.org\/{rel}","templated":true}]}}