{"id":2614,"date":"2022-02-07T20:19:39","date_gmt":"2022-02-07T20:19:39","guid":{"rendered":"https:\/\/bonthedeleone.com\/homepage\/"},"modified":"2022-07-21T11:03:12","modified_gmt":"2022-07-21T11:03:12","slug":"homepage","status":"publish","type":"page","link":"https:\/\/bonthedeleone.com\/de\/","title":{"rendered":"Homepage"},"content":{"rendered":"\n<h2 class=\"wp-block-heading\">\u00dcber uns<\/h2>\n\n<p>Bonthe de Leone ist eine Beteiligungsgesellschaft. Die Hauptaktivit\u00e4ten des Unternehmens sind Investitionen und der Erwerb von Anteilen an den Aktien von Betriebsgesellschaften. Eine Betriebsgesellschaft ist ein Unternehmen, das Waren herstellt oder Dienstleistungen erbringt. Bei Bonthe de Leone investieren wir in Unternehmen, die in verschiedenen M\u00e4rkten und Sektoren t\u00e4tig sind. Wir investieren in der Regel in Unternehmen mit einem hohen Gewinn pro Aktie (EPS), einer starken prognostizierten EPS-Wachstumsrate und einer hohen Dividendenrendite, deren Produkte oder Dienstleistungen stark nachgefragt sind und von denen erwartet wird, dass die Nachfrage steigen wird. <\/p>\n\n<p>Wir investieren nur in Aktien, die an M\u00e4rkten gehandelt werden, die starke Trends aufweisen. Durch die Analyse der Markttrends mittels Fundamental- und technischer Analyse k\u00f6nnen wir mit hoher Sicherheit vorhersagen, in welche Richtung sich ein Markt wahrscheinlich bewegen wird, was es uns erm\u00f6glicht, unsere Trades mit Long- und Short-Positionen anzupassen und sowohl in steigenden als auch in fallenden M\u00e4rkten Gewinne zu erzielen.<\/p>\n\n<p>Als Beteiligungsholding suchen wir nach Unternehmen, die als \u00dcbernahmekandidaten in Frage kommen, wie Familienunternehmen oder Teilkonzerne gr\u00f6\u00dferer Unternehmen, und \u00fcbernehmen diese Unternehmen und nehmen sie in unser Portfolio auf. Wir betrachten in der Regel operative Unternehmen mit guten Wachstumsprognosen, Produkten oder Dienstleistungen mit wachsender Nachfrage, nicht realisierten Werten und deren Aktien unterbewertet sind und unter ihrem Buchwert gehandelt werden.<\/p>\n\n<p> Wir investieren \u00fcberwiegend, aber nicht ausschlie\u00dflich, um eine Mehrheitsbeteiligung von 50 % oder mehr der Anteile an solchen Unternehmen zu erwerben. Wir restrukturieren diese erworbenen Portfoliounternehmen, um ihre Rentabilit\u00e4t zu steigern und somit den Wert des gesamten Beteiligungsportfolios zu steigern.<\/p>\n\n<p>Die Kapitalrendite (ROI) eines jeden Portfolios von Bonthe de Leone h\u00e4ngt direkt vom Wert und der Wertentwicklung der im Portfolio gehaltenen Verm\u00f6genswerte ab. Die aus unseren Portfolioinvestitionen generierten Anlageertr\u00e4ge werden in Form von Zinszahlungen, Bardividenden und Kapitalgewinnen ausgezahlt, wenn wir unsere Beteiligungen ver\u00e4u\u00dfern und verkaufen.<\/p>\n<div class=\"custom-centered-logo wp-block-site-logo\"><a href=\"https:\/\/bonthedeleone.com\/de\/\" class=\"custom-logo-link\" rel=\"home\"><img loading=\"lazy\" decoding=\"async\" width=\"600\" height=\"596\" src=\"https:\/\/bonthedeleone.com\/wp-content\/uploads\/2025\/01\/logo2.png\" class=\"custom-logo\" alt=\"Bonthe de Leone\" srcset=\"https:\/\/bonthedeleone.com\/wp-content\/uploads\/2025\/01\/logo2.png 311w, https:\/\/bonthedeleone.com\/wp-content\/uploads\/2025\/01\/logo2-300x298.png 300w, https:\/\/bonthedeleone.com\/wp-content\/uploads\/2025\/01\/logo2-150x150.png 150w\" sizes=\"auto, (max-width: 600px) 100vw, 600px\" \/><\/a><\/div>","protected":false},"excerpt":{"rendered":"<p>\u00dcber uns Bonthe de Leone ist eine Beteiligungsgesellschaft. Die Hauptaktivit\u00e4ten des Unternehmens sind Investitionen und der Erwerb von Anteilen an den Aktien von Betriebsgesellschaften. Eine Betriebsgesellschaft ist ein Unternehmen, das Waren herstellt oder Dienstleistungen erbringt. Bei Bonthe de Leone investieren wir in Unternehmen, die in verschiedenen M\u00e4rkten und Sektoren t\u00e4tig [&hellip;]<\/p>\n","protected":false},"author":1,"featured_media":1696,"parent":0,"menu_order":0,"comment_status":"closed","ping_status":"closed","template":"","meta":{"footnotes":""},"class_list":["post-2614","page","type-page","status-publish","has-post-thumbnail","hentry"],"yoast_head":"<!-- This site is optimized with the Yoast SEO plugin v27.4 - https:\/\/yoast.com\/product\/yoast-seo-wordpress\/ -->\n<title>Homepage - Bonthe de Leone<\/title>\n<meta name=\"description\" content=\"Bonthe de Leone ist eine Beteiligungsgesellschaft.\" \/>\n<meta name=\"robots\" content=\"index, follow, max-snippet:-1, max-image-preview:large, max-video-preview:-1\" \/>\n<link rel=\"canonical\" href=\"https:\/\/bonthedeleone.com\/de\/\" \/>\n<meta property=\"og:locale\" content=\"de_DE\" \/>\n<meta property=\"og:type\" content=\"article\" \/>\n<meta property=\"og:title\" content=\"Homepage - Bonthe de Leone\" \/>\n<meta property=\"og:description\" content=\"Bonthe de Leone ist eine Beteiligungsgesellschaft.\" \/>\n<meta property=\"og:url\" content=\"https:\/\/bonthedeleone.com\/de\/\" \/>\n<meta property=\"og:site_name\" content=\"Bonthe de Leone\" \/>\n<meta property=\"article:modified_time\" content=\"2022-07-21T11:03:12+00:00\" \/>\n<meta property=\"og:image\" content=\"https:\/\/bonthedeleone.com\/wp-content\/uploads\/2022\/02\/cropped-lions_in_blue-3.png\" \/>\n\t<meta property=\"og:image:width\" content=\"1434\" \/>\n\t<meta property=\"og:image:height\" content=\"1130\" \/>\n\t<meta property=\"og:image:type\" content=\"image\/png\" \/>\n<meta name=\"twitter:card\" content=\"summary_large_image\" \/>\n<meta name=\"twitter:label1\" content=\"Gesch\u00e4tzte Lesezeit\" \/>\n\t<meta name=\"twitter:data1\" content=\"2\u00a0Minuten\" \/>\n<script type=\"application\/ld+json\" class=\"yoast-schema-graph\">{\"@context\":\"https:\\\/\\\/schema.org\",\"@graph\":[{\"@type\":\"WebPage\",\"@id\":\"https:\\\/\\\/bonthedeleone.com\\\/de\\\/\",\"url\":\"https:\\\/\\\/bonthedeleone.com\\\/de\\\/\",\"name\":\"Homepage - Bonthe de Leone\",\"isPartOf\":{\"@id\":\"https:\\\/\\\/bonthedeleone.com\\\/de\\\/#website\"},\"primaryImageOfPage\":{\"@id\":\"https:\\\/\\\/bonthedeleone.com\\\/de\\\/#primaryimage\"},\"image\":{\"@id\":\"https:\\\/\\\/bonthedeleone.com\\\/de\\\/#primaryimage\"},\"thumbnailUrl\":\"https:\\\/\\\/bonthedeleone.com\\\/wp-content\\\/uploads\\\/2022\\\/02\\\/cropped-lions_in_blue-3.png\",\"datePublished\":\"2022-02-07T20:19:39+00:00\",\"dateModified\":\"2022-07-21T11:03:12+00:00\",\"description\":\"Bonthe de Leone ist eine Beteiligungsgesellschaft.\",\"breadcrumb\":{\"@id\":\"https:\\\/\\\/bonthedeleone.com\\\/de\\\/#breadcrumb\"},\"inLanguage\":\"de\",\"potentialAction\":[{\"@type\":\"ReadAction\",\"target\":[\"https:\\\/\\\/bonthedeleone.com\\\/de\\\/\"]}]},{\"@type\":\"ImageObject\",\"inLanguage\":\"de\",\"@id\":\"https:\\\/\\\/bonthedeleone.com\\\/de\\\/#primaryimage\",\"url\":\"https:\\\/\\\/bonthedeleone.com\\\/wp-content\\\/uploads\\\/2022\\\/02\\\/cropped-lions_in_blue-3.png\",\"contentUrl\":\"https:\\\/\\\/bonthedeleone.com\\\/wp-content\\\/uploads\\\/2022\\\/02\\\/cropped-lions_in_blue-3.png\",\"width\":1434,\"height\":1130},{\"@type\":\"BreadcrumbList\",\"@id\":\"https:\\\/\\\/bonthedeleone.com\\\/de\\\/#breadcrumb\",\"itemListElement\":[{\"@type\":\"ListItem\",\"position\":1,\"name\":\"Home\",\"item\":\"https:\\\/\\\/bonthedeleone.com\\\/de\\\/\"},{\"@type\":\"ListItem\",\"position\":2,\"name\":\"Homepage\"}]},{\"@type\":\"WebSite\",\"@id\":\"https:\\\/\\\/bonthedeleone.com\\\/de\\\/#website\",\"url\":\"https:\\\/\\\/bonthedeleone.com\\\/de\\\/\",\"name\":\"Bonthe de Leone\",\"description\":\"An investment holding company\",\"publisher\":{\"@id\":\"https:\\\/\\\/bonthedeleone.com\\\/de\\\/#organization\"},\"potentialAction\":[{\"@type\":\"SearchAction\",\"target\":{\"@type\":\"EntryPoint\",\"urlTemplate\":\"https:\\\/\\\/bonthedeleone.com\\\/de\\\/?s={search_term_string}\"},\"query-input\":{\"@type\":\"PropertyValueSpecification\",\"valueRequired\":true,\"valueName\":\"search_term_string\"}}],\"inLanguage\":\"de\"},{\"@type\":\"Organization\",\"@id\":\"https:\\\/\\\/bonthedeleone.com\\\/de\\\/#organization\",\"name\":\"Bonthe de Leone Capital\",\"url\":\"https:\\\/\\\/bonthedeleone.com\\\/de\\\/\",\"logo\":{\"@type\":\"ImageObject\",\"inLanguage\":\"de\",\"@id\":\"https:\\\/\\\/bonthedeleone.com\\\/de\\\/#\\\/schema\\\/logo\\\/image\\\/\",\"url\":\"https:\\\/\\\/bonthedeleone.com\\\/wp-content\\\/uploads\\\/2022\\\/02\\\/cropped-cropped-lions_in_white-4.png\",\"contentUrl\":\"https:\\\/\\\/bonthedeleone.com\\\/wp-content\\\/uploads\\\/2022\\\/02\\\/cropped-cropped-lions_in_white-4.png\",\"width\":1269,\"height\":1025,\"caption\":\"Bonthe de Leone Capital\"},\"image\":{\"@id\":\"https:\\\/\\\/bonthedeleone.com\\\/de\\\/#\\\/schema\\\/logo\\\/image\\\/\"}}]}<\/script>\n<!-- \/ Yoast SEO plugin. -->","yoast_head_json":{"title":"Homepage - Bonthe de Leone","description":"Bonthe de Leone ist eine Beteiligungsgesellschaft.","robots":{"index":"index","follow":"follow","max-snippet":"max-snippet:-1","max-image-preview":"max-image-preview:large","max-video-preview":"max-video-preview:-1"},"canonical":"https:\/\/bonthedeleone.com\/de\/","og_locale":"de_DE","og_type":"article","og_title":"Homepage - Bonthe de Leone","og_description":"Bonthe de Leone ist eine Beteiligungsgesellschaft.","og_url":"https:\/\/bonthedeleone.com\/de\/","og_site_name":"Bonthe de Leone","article_modified_time":"2022-07-21T11:03:12+00:00","og_image":[{"width":1434,"height":1130,"url":"https:\/\/bonthedeleone.com\/wp-content\/uploads\/2022\/02\/cropped-lions_in_blue-3.png","type":"image\/png"}],"twitter_card":"summary_large_image","twitter_misc":{"Gesch\u00e4tzte Lesezeit":"2\u00a0Minuten"},"schema":{"@context":"https:\/\/schema.org","@graph":[{"@type":"WebPage","@id":"https:\/\/bonthedeleone.com\/de\/","url":"https:\/\/bonthedeleone.com\/de\/","name":"Homepage - Bonthe de Leone","isPartOf":{"@id":"https:\/\/bonthedeleone.com\/de\/#website"},"primaryImageOfPage":{"@id":"https:\/\/bonthedeleone.com\/de\/#primaryimage"},"image":{"@id":"https:\/\/bonthedeleone.com\/de\/#primaryimage"},"thumbnailUrl":"https:\/\/bonthedeleone.com\/wp-content\/uploads\/2022\/02\/cropped-lions_in_blue-3.png","datePublished":"2022-02-07T20:19:39+00:00","dateModified":"2022-07-21T11:03:12+00:00","description":"Bonthe de Leone ist eine Beteiligungsgesellschaft.","breadcrumb":{"@id":"https:\/\/bonthedeleone.com\/de\/#breadcrumb"},"inLanguage":"de","potentialAction":[{"@type":"ReadAction","target":["https:\/\/bonthedeleone.com\/de\/"]}]},{"@type":"ImageObject","inLanguage":"de","@id":"https:\/\/bonthedeleone.com\/de\/#primaryimage","url":"https:\/\/bonthedeleone.com\/wp-content\/uploads\/2022\/02\/cropped-lions_in_blue-3.png","contentUrl":"https:\/\/bonthedeleone.com\/wp-content\/uploads\/2022\/02\/cropped-lions_in_blue-3.png","width":1434,"height":1130},{"@type":"BreadcrumbList","@id":"https:\/\/bonthedeleone.com\/de\/#breadcrumb","itemListElement":[{"@type":"ListItem","position":1,"name":"Home","item":"https:\/\/bonthedeleone.com\/de\/"},{"@type":"ListItem","position":2,"name":"Homepage"}]},{"@type":"WebSite","@id":"https:\/\/bonthedeleone.com\/de\/#website","url":"https:\/\/bonthedeleone.com\/de\/","name":"Bonthe de Leone","description":"An investment holding company","publisher":{"@id":"https:\/\/bonthedeleone.com\/de\/#organization"},"potentialAction":[{"@type":"SearchAction","target":{"@type":"EntryPoint","urlTemplate":"https:\/\/bonthedeleone.com\/de\/?s={search_term_string}"},"query-input":{"@type":"PropertyValueSpecification","valueRequired":true,"valueName":"search_term_string"}}],"inLanguage":"de"},{"@type":"Organization","@id":"https:\/\/bonthedeleone.com\/de\/#organization","name":"Bonthe de Leone Capital","url":"https:\/\/bonthedeleone.com\/de\/","logo":{"@type":"ImageObject","inLanguage":"de","@id":"https:\/\/bonthedeleone.com\/de\/#\/schema\/logo\/image\/","url":"https:\/\/bonthedeleone.com\/wp-content\/uploads\/2022\/02\/cropped-cropped-lions_in_white-4.png","contentUrl":"https:\/\/bonthedeleone.com\/wp-content\/uploads\/2022\/02\/cropped-cropped-lions_in_white-4.png","width":1269,"height":1025,"caption":"Bonthe de Leone Capital"},"image":{"@id":"https:\/\/bonthedeleone.com\/de\/#\/schema\/logo\/image\/"}}]}},"_links":{"self":[{"href":"https:\/\/bonthedeleone.com\/de\/wp-json\/wp\/v2\/pages\/2614","targetHints":{"allow":["GET"]}}],"collection":[{"href":"https:\/\/bonthedeleone.com\/de\/wp-json\/wp\/v2\/pages"}],"about":[{"href":"https:\/\/bonthedeleone.com\/de\/wp-json\/wp\/v2\/types\/page"}],"author":[{"embeddable":true,"href":"https:\/\/bonthedeleone.com\/de\/wp-json\/wp\/v2\/users\/1"}],"replies":[{"embeddable":true,"href":"https:\/\/bonthedeleone.com\/de\/wp-json\/wp\/v2\/comments?post=2614"}],"version-history":[{"count":3,"href":"https:\/\/bonthedeleone.com\/de\/wp-json\/wp\/v2\/pages\/2614\/revisions"}],"predecessor-version":[{"id":2857,"href":"https:\/\/bonthedeleone.com\/de\/wp-json\/wp\/v2\/pages\/2614\/revisions\/2857"}],"wp:featuredmedia":[{"embeddable":true,"href":"https:\/\/bonthedeleone.com\/de\/wp-json\/wp\/v2\/media\/1696"}],"wp:attachment":[{"href":"https:\/\/bonthedeleone.com\/de\/wp-json\/wp\/v2\/media?parent=2614"}],"curies":[{"name":"wp","href":"https:\/\/api.w.org\/{rel}","templated":true}]}}